{"id":7574,"date":"2025-12-07T19:08:44","date_gmt":"2025-12-07T16:08:44","guid":{"rendered":"https:\/\/inovasyondakadin.org\/2-girisimcilik-kampi\/"},"modified":"2026-01-12T07:18:38","modified_gmt":"2026-01-12T04:18:38","slug":"2-entrepreneurship-bootcamp","status":"publish","type":"page","link":"https:\/\/inovasyondakadin.org\/en\/2-entrepreneurship-bootcamp\/","title":{"rendered":"2nd Entrepreneurship Bootcamp &#8211; 2016"},"content":{"rendered":"<div class=\"fusion-fullwidth fullwidth-box fusion-builder-row-1 fusion-flex-container has-pattern-background has-mask-background nonhundred-percent-fullwidth non-hundred-percent-height-scrolling\" style=\"--awb-border-radius-top-left:0px;--awb-border-radius-top-right:0px;--awb-border-radius-bottom-right:0px;--awb-border-radius-bottom-left:0px;--awb-flex-wrap:wrap;\" ><div class=\"fusion-builder-row fusion-row fusion-flex-align-items-flex-start fusion-flex-content-wrap\" style=\"max-width:1216.8px;margin-left: calc(-4% \/ 2 );margin-right: calc(-4% \/ 2 );\"><div class=\"fusion-layout-column fusion_builder_column fusion-builder-column-0 fusion_builder_column_1_1 1_1 fusion-flex-column\" style=\"--awb-bg-size:cover;--awb-width-large:100%;--awb-margin-top-large:20px;--awb-spacing-right-large:1.92%;--awb-margin-bottom-large:20px;--awb-spacing-left-large:1.92%;--awb-width-medium:100%;--awb-order-medium:0;--awb-spacing-right-medium:1.92%;--awb-spacing-left-medium:1.92%;--awb-width-small:100%;--awb-order-small:0;--awb-spacing-right-small:1.92%;--awb-spacing-left-small:1.92%;\"><div class=\"fusion-column-wrapper fusion-column-has-shadow fusion-flex-justify-content-flex-start fusion-content-layout-column\"><div class=\"fusion-text fusion-text-1\"><p>Today, women are as involved in entrepreneurship as men, and the number of successful female entrepreneurs is increasing every day. While entrepreneurship is the path to economic development both globally and in our country, innovation and entrepreneurship are also a way to empower women.<\/p>\n<p><strong>KADEM (Women and Democracy Association)<\/strong>, in collaboration with <strong>T\u00dcB\u0130TAK Marmara Teknokent (MARTEK)<\/strong> and with the support of the <strong>Istanbul Metropolitan Municipality<\/strong> and <strong>360 TV<\/strong>, held its <strong>2nd Women&#8217;s Entrepreneurship Camp<\/strong> at the <strong>T\u00dcB\u0130TAK<\/strong> Gebze campus from <strong>October 3-8, 2016<\/strong>.<\/p>\n<p>More than <strong>150 women applied<\/strong> to the <strong>Entrepreneurship Camp<\/strong> with the slogan \u201c<strong>I Have an Idea<\/strong>\u201d and <strong>27 women<\/strong> entrepreneurs were selected to participate.<\/p>\n<p><strong>During the one-week training period, the entrepreneurs received training on topics such as:<\/strong><\/p>\n<ul>\n<li style=\"list-style-type: none;\">\n<ul>\n<li>Financial Analysis,<\/li>\n<li>Business Plan Preparation,<\/li>\n<li>Business Model Development,<\/li>\n<li>Marketing, and Overcoming Challenges in Entrepreneurship.<\/li>\n<\/ul>\n<\/li>\n<\/ul>\n<p>At the same time, mentors and successful figures from the business world shared their experiences with the female entrepreneurs. At the end of the entrepreneurship camp, the selected successful projects were granted an additional support of <strong>25,000 TL<\/strong> per project (if they were eligible to receive one of the financial supports provided by national and international official institutions and organizations) and were also provided with accommodation facilities at the Incubation Center within Marmara Teknokent to carry out their projects for one year.<\/p>\n<\/div><div class=\"awb-gallery-wrapper awb-gallery-wrapper-1 button-span-no\" style=\"--more-btn-alignment:center;\" data-limit=\"10\" data-page=\"1\"><div style=\"margin:-5px;--awb-bordersize:0px;--awb-border-radius:16px;\" class=\"fusion-gallery fusion-gallery-container fusion-grid-5 fusion-columns-total-5 fusion-gallery-layout-grid fusion-gallery-1\"><div style=\"padding:5px;\" class=\"fusion-grid-column fusion-gallery-column fusion-gallery-column-5 hover-type-zoomin\"><div class=\"fusion-gallery-image\"><a href=\"https:\/\/inovasyondakadin.org\/wp-content\/uploads\/2025\/12\/2-KADINKAMPRESIM549500ff9e0d549a8bd3649c624d6b795_thumbnail.webp\" rel=\"noreferrer\" data-rel=\"iLightbox[gallery_image_1]\" class=\"fusion-lightbox\" target=\"_self\"><img decoding=\"async\" src=\"https:\/\/inovasyondakadin.org\/wp-content\/uploads\/2025\/12\/2-KADINKAMPRESIM549500ff9e0d549a8bd3649c624d6b795_thumbnail.webp\" data-orig-src=\"https:\/\/inovasyondakadin.org\/wp-content\/uploads\/2025\/12\/2-KADINKAMPRESIM549500ff9e0d549a8bd3649c624d6b795_thumbnail.webp\" width=\"800\" height=\"450\" alt=\"\" title=\"2-KADINKAMPRESIM549500ff9e0d549a8bd3649c624d6b795_thumbnail\" aria-label=\"2-KADINKAMPRESIM549500ff9e0d549a8bd3649c624d6b795_thumbnail\" class=\"lazyload img-responsive wp-image-7596\" srcset=\"data:image\/svg+xml,%3Csvg%20xmlns%3D%27http%3A%2F%2Fwww.w3.org%2F2000%2Fsvg%27%20width%3D%27800%27%20height%3D%27450%27%20viewBox%3D%270%200%20800%20450%27%3E%3Crect%20width%3D%27800%27%20height%3D%27450%27%20fill-opacity%3D%220%22%2F%3E%3C%2Fsvg%3E\" data-srcset=\"https:\/\/inovasyondakadin.org\/wp-content\/uploads\/2025\/12\/2-KADINKAMPRESIM549500ff9e0d549a8bd3649c624d6b795_thumbnail-200x113.webp 200w, https:\/\/inovasyondakadin.org\/wp-content\/uploads\/2025\/12\/2-KADINKAMPRESIM549500ff9e0d549a8bd3649c624d6b795_thumbnail-400x225.webp 400w, https:\/\/inovasyondakadin.org\/wp-content\/uploads\/2025\/12\/2-KADINKAMPRESIM549500ff9e0d549a8bd3649c624d6b795_thumbnail-600x338.webp 600w, https:\/\/inovasyondakadin.org\/wp-content\/uploads\/2025\/12\/2-KADINKAMPRESIM549500ff9e0d549a8bd3649c624d6b795_thumbnail.webp 800w\" data-sizes=\"auto\" data-orig-sizes=\"(min-width: 2200px) 100vw, (min-width: 928px) 230px, (min-width: 856px) 288px, (min-width: 784px) 383px, (min-width: 712px) 575px, (min-width: 640px) 712px, \" \/><\/a><\/div><\/div><div style=\"padding:5px;\" class=\"fusion-grid-column fusion-gallery-column fusion-gallery-column-5 hover-type-zoomin\"><div class=\"fusion-gallery-image\"><a href=\"https:\/\/inovasyondakadin.org\/wp-content\/uploads\/2025\/12\/2-KADINKAMPRESIM6a77d82dcbdcf41d8ac44847864dc8f21_thumbnail.webp\" rel=\"noreferrer\" data-rel=\"iLightbox[gallery_image_1]\" class=\"fusion-lightbox\" target=\"_self\"><img decoding=\"async\" src=\"https:\/\/inovasyondakadin.org\/wp-content\/uploads\/2025\/12\/2-KADINKAMPRESIM6a77d82dcbdcf41d8ac44847864dc8f21_thumbnail.webp\" data-orig-src=\"https:\/\/inovasyondakadin.org\/wp-content\/uploads\/2025\/12\/2-KADINKAMPRESIM6a77d82dcbdcf41d8ac44847864dc8f21_thumbnail.webp\" width=\"800\" height=\"450\" alt=\"\" title=\"2-KADINKAMPRESIM6a77d82dcbdcf41d8ac44847864dc8f21_thumbnail\" aria-label=\"2-KADINKAMPRESIM6a77d82dcbdcf41d8ac44847864dc8f21_thumbnail\" class=\"lazyload img-responsive wp-image-7597\" srcset=\"data:image\/svg+xml,%3Csvg%20xmlns%3D%27http%3A%2F%2Fwww.w3.org%2F2000%2Fsvg%27%20width%3D%27800%27%20height%3D%27450%27%20viewBox%3D%270%200%20800%20450%27%3E%3Crect%20width%3D%27800%27%20height%3D%27450%27%20fill-opacity%3D%220%22%2F%3E%3C%2Fsvg%3E\" data-srcset=\"https:\/\/inovasyondakadin.org\/wp-content\/uploads\/2025\/12\/2-KADINKAMPRESIM6a77d82dcbdcf41d8ac44847864dc8f21_thumbnail-200x113.webp 200w, https:\/\/inovasyondakadin.org\/wp-content\/uploads\/2025\/12\/2-KADINKAMPRESIM6a77d82dcbdcf41d8ac44847864dc8f21_thumbnail-400x225.webp 400w, https:\/\/inovasyondakadin.org\/wp-content\/uploads\/2025\/12\/2-KADINKAMPRESIM6a77d82dcbdcf41d8ac44847864dc8f21_thumbnail-600x338.webp 600w, https:\/\/inovasyondakadin.org\/wp-content\/uploads\/2025\/12\/2-KADINKAMPRESIM6a77d82dcbdcf41d8ac44847864dc8f21_thumbnail.webp 800w\" data-sizes=\"auto\" data-orig-sizes=\"(min-width: 2200px) 100vw, (min-width: 928px) 230px, (min-width: 856px) 288px, (min-width: 784px) 383px, (min-width: 712px) 575px, (min-width: 640px) 712px, \" \/><\/a><\/div><\/div><div style=\"padding:5px;\" class=\"fusion-grid-column fusion-gallery-column fusion-gallery-column-5 hover-type-zoomin\"><div class=\"fusion-gallery-image\"><a href=\"https:\/\/inovasyondakadin.org\/wp-content\/uploads\/2025\/12\/2-KADINKAMPRESIM279775624abf04b18863b383a3cf1b2cf_thumbnail.webp\" rel=\"noreferrer\" data-rel=\"iLightbox[gallery_image_1]\" class=\"fusion-lightbox\" target=\"_self\"><img decoding=\"async\" src=\"https:\/\/inovasyondakadin.org\/wp-content\/uploads\/2025\/12\/2-KADINKAMPRESIM279775624abf04b18863b383a3cf1b2cf_thumbnail.webp\" data-orig-src=\"https:\/\/inovasyondakadin.org\/wp-content\/uploads\/2025\/12\/2-KADINKAMPRESIM279775624abf04b18863b383a3cf1b2cf_thumbnail.webp\" width=\"800\" height=\"450\" alt=\"\" title=\"2-KADINKAMPRESIM279775624abf04b18863b383a3cf1b2cf_thumbnail\" aria-label=\"2-KADINKAMPRESIM279775624abf04b18863b383a3cf1b2cf_thumbnail\" class=\"lazyload img-responsive wp-image-7598\" srcset=\"data:image\/svg+xml,%3Csvg%20xmlns%3D%27http%3A%2F%2Fwww.w3.org%2F2000%2Fsvg%27%20width%3D%27800%27%20height%3D%27450%27%20viewBox%3D%270%200%20800%20450%27%3E%3Crect%20width%3D%27800%27%20height%3D%27450%27%20fill-opacity%3D%220%22%2F%3E%3C%2Fsvg%3E\" data-srcset=\"https:\/\/inovasyondakadin.org\/wp-content\/uploads\/2025\/12\/2-KADINKAMPRESIM279775624abf04b18863b383a3cf1b2cf_thumbnail-200x113.webp 200w, https:\/\/inovasyondakadin.org\/wp-content\/uploads\/2025\/12\/2-KADINKAMPRESIM279775624abf04b18863b383a3cf1b2cf_thumbnail-400x225.webp 400w, https:\/\/inovasyondakadin.org\/wp-content\/uploads\/2025\/12\/2-KADINKAMPRESIM279775624abf04b18863b383a3cf1b2cf_thumbnail-600x338.webp 600w, https:\/\/inovasyondakadin.org\/wp-content\/uploads\/2025\/12\/2-KADINKAMPRESIM279775624abf04b18863b383a3cf1b2cf_thumbnail.webp 800w\" data-sizes=\"auto\" data-orig-sizes=\"(min-width: 2200px) 100vw, (min-width: 928px) 230px, (min-width: 856px) 288px, (min-width: 784px) 383px, (min-width: 712px) 575px, (min-width: 640px) 712px, \" \/><\/a><\/div><\/div><div style=\"padding:5px;\" class=\"fusion-grid-column fusion-gallery-column fusion-gallery-column-5 hover-type-zoomin\"><div class=\"fusion-gallery-image\"><a href=\"https:\/\/inovasyondakadin.org\/wp-content\/uploads\/2025\/12\/2-KADINKAMPRESIM4b15052de42744e18801a21eb1ac710f8_thumbnail.webp\" rel=\"noreferrer\" data-rel=\"iLightbox[gallery_image_1]\" class=\"fusion-lightbox\" target=\"_self\"><img decoding=\"async\" src=\"https:\/\/inovasyondakadin.org\/wp-content\/uploads\/2025\/12\/2-KADINKAMPRESIM4b15052de42744e18801a21eb1ac710f8_thumbnail.webp\" data-orig-src=\"https:\/\/inovasyondakadin.org\/wp-content\/uploads\/2025\/12\/2-KADINKAMPRESIM4b15052de42744e18801a21eb1ac710f8_thumbnail.webp\" width=\"800\" height=\"450\" alt=\"\" title=\"2-KADINKAMPRESIM4b15052de42744e18801a21eb1ac710f8_thumbnail\" aria-label=\"2-KADINKAMPRESIM4b15052de42744e18801a21eb1ac710f8_thumbnail\" class=\"lazyload img-responsive wp-image-7599\" srcset=\"data:image\/svg+xml,%3Csvg%20xmlns%3D%27http%3A%2F%2Fwww.w3.org%2F2000%2Fsvg%27%20width%3D%27800%27%20height%3D%27450%27%20viewBox%3D%270%200%20800%20450%27%3E%3Crect%20width%3D%27800%27%20height%3D%27450%27%20fill-opacity%3D%220%22%2F%3E%3C%2Fsvg%3E\" data-srcset=\"https:\/\/inovasyondakadin.org\/wp-content\/uploads\/2025\/12\/2-KADINKAMPRESIM4b15052de42744e18801a21eb1ac710f8_thumbnail-200x113.webp 200w, https:\/\/inovasyondakadin.org\/wp-content\/uploads\/2025\/12\/2-KADINKAMPRESIM4b15052de42744e18801a21eb1ac710f8_thumbnail-400x225.webp 400w, https:\/\/inovasyondakadin.org\/wp-content\/uploads\/2025\/12\/2-KADINKAMPRESIM4b15052de42744e18801a21eb1ac710f8_thumbnail-600x338.webp 600w, https:\/\/inovasyondakadin.org\/wp-content\/uploads\/2025\/12\/2-KADINKAMPRESIM4b15052de42744e18801a21eb1ac710f8_thumbnail.webp 800w\" data-sizes=\"auto\" data-orig-sizes=\"(min-width: 2200px) 100vw, (min-width: 928px) 230px, (min-width: 856px) 288px, (min-width: 784px) 383px, (min-width: 712px) 575px, (min-width: 640px) 712px, \" \/><\/a><\/div><\/div><div style=\"padding:5px;\" class=\"fusion-grid-column fusion-gallery-column fusion-gallery-column-5 hover-type-zoomin\"><div class=\"fusion-gallery-image\"><a href=\"https:\/\/inovasyondakadin.org\/wp-content\/uploads\/2025\/12\/2-KADINKAMPRESIM3c8ab68245be246a2bdaa19874ef0f46f_thumbnail.webp\" rel=\"noreferrer\" data-rel=\"iLightbox[gallery_image_1]\" class=\"fusion-lightbox\" target=\"_self\"><img decoding=\"async\" src=\"https:\/\/inovasyondakadin.org\/wp-content\/uploads\/2025\/12\/2-KADINKAMPRESIM3c8ab68245be246a2bdaa19874ef0f46f_thumbnail.webp\" data-orig-src=\"https:\/\/inovasyondakadin.org\/wp-content\/uploads\/2025\/12\/2-KADINKAMPRESIM3c8ab68245be246a2bdaa19874ef0f46f_thumbnail.webp\" width=\"800\" height=\"450\" alt=\"\" title=\"2-KADINKAMPRESIM3c8ab68245be246a2bdaa19874ef0f46f_thumbnail\" aria-label=\"2-KADINKAMPRESIM3c8ab68245be246a2bdaa19874ef0f46f_thumbnail\" class=\"lazyload img-responsive wp-image-7600\" srcset=\"data:image\/svg+xml,%3Csvg%20xmlns%3D%27http%3A%2F%2Fwww.w3.org%2F2000%2Fsvg%27%20width%3D%27800%27%20height%3D%27450%27%20viewBox%3D%270%200%20800%20450%27%3E%3Crect%20width%3D%27800%27%20height%3D%27450%27%20fill-opacity%3D%220%22%2F%3E%3C%2Fsvg%3E\" data-srcset=\"https:\/\/inovasyondakadin.org\/wp-content\/uploads\/2025\/12\/2-KADINKAMPRESIM3c8ab68245be246a2bdaa19874ef0f46f_thumbnail-200x113.webp 200w, https:\/\/inovasyondakadin.org\/wp-content\/uploads\/2025\/12\/2-KADINKAMPRESIM3c8ab68245be246a2bdaa19874ef0f46f_thumbnail-400x225.webp 400w, https:\/\/inovasyondakadin.org\/wp-content\/uploads\/2025\/12\/2-KADINKAMPRESIM3c8ab68245be246a2bdaa19874ef0f46f_thumbnail-600x338.webp 600w, https:\/\/inovasyondakadin.org\/wp-content\/uploads\/2025\/12\/2-KADINKAMPRESIM3c8ab68245be246a2bdaa19874ef0f46f_thumbnail.webp 800w\" data-sizes=\"auto\" data-orig-sizes=\"(min-width: 2200px) 100vw, (min-width: 928px) 230px, (min-width: 856px) 288px, (min-width: 784px) 383px, (min-width: 712px) 575px, (min-width: 640px) 712px, \" \/><\/a><\/div><\/div><div class=\"clearfix\"><\/div><\/div><\/div><\/div><\/div><\/div><\/div>\n","protected":false},"excerpt":{"rendered":"","protected":false},"author":1,"featured_media":0,"parent":0,"menu_order":0,"comment_status":"closed","ping_status":"closed","template":"","meta":{"_acf_changed":false,"footnotes":""},"mentor-konusmaci":[],"class_list":["post-7574","page","type-page","status-publish","hentry"],"acf":[],"yoast_head":"<!-- This site is optimized with the Yoast SEO plugin v27.4 - https:\/\/yoast.com\/product\/yoast-seo-wordpress\/ -->\n<title>2nd Entrepreneurship Bootcamp - 2016 - \u0130novasyonda Kad\u0131n<\/title>\n<meta name=\"robots\" content=\"index, follow, max-snippet:-1, max-image-preview:large, max-video-preview:-1\" \/>\n<link rel=\"canonical\" href=\"https:\/\/inovasyondakadin.org\/en\/2-entrepreneurship-bootcamp\/\" \/>\n<meta property=\"og:locale\" content=\"en_US\" \/>\n<meta property=\"og:type\" content=\"article\" \/>\n<meta property=\"og:title\" content=\"2nd Entrepreneurship Bootcamp - 2016 - \u0130novasyonda Kad\u0131n\" \/>\n<meta property=\"og:url\" content=\"https:\/\/inovasyondakadin.org\/en\/2-entrepreneurship-bootcamp\/\" \/>\n<meta property=\"og:site_name\" content=\"\u0130novasyonda Kad\u0131n\" \/>\n<meta property=\"article:publisher\" content=\"https:\/\/www.facebook.com\/Kademorgtr\/\" \/>\n<meta property=\"article:modified_time\" content=\"2026-01-12T04:18:38+00:00\" \/>\n<meta property=\"og:image\" content=\"https:\/\/inovasyondakadin.org\/wp-content\/uploads\/revslider\/video-media\/SliderVideoBG_1_layer.jpeg\" \/>\n\t<meta property=\"og:image:width\" content=\"1364\" \/>\n\t<meta property=\"og:image:height\" content=\"768\" \/>\n\t<meta property=\"og:image:type\" content=\"image\/jpeg\" \/>\n<meta name=\"twitter:card\" content=\"summary_large_image\" \/>\n<meta name=\"twitter:site\" content=\"@kademorgtr\" \/>\n<meta name=\"twitter:label1\" content=\"Est. reading time\" \/>\n\t<meta name=\"twitter:data1\" content=\"3 minutes\" \/>\n<script type=\"application\/ld+json\" class=\"yoast-schema-graph\">{\"@context\":\"https:\\\/\\\/schema.org\",\"@graph\":[{\"@type\":\"WebPage\",\"@id\":\"https:\\\/\\\/inovasyondakadin.org\\\/en\\\/2-entrepreneurship-bootcamp\\\/\",\"url\":\"https:\\\/\\\/inovasyondakadin.org\\\/en\\\/2-entrepreneurship-bootcamp\\\/\",\"name\":\"2nd Entrepreneurship Bootcamp - 2016 - \u0130novasyonda Kad\u0131n\",\"isPartOf\":{\"@id\":\"https:\\\/\\\/inovasyondakadin.org\\\/en\\\/#website\"},\"datePublished\":\"2025-12-07T16:08:44+00:00\",\"dateModified\":\"2026-01-12T04:18:38+00:00\",\"breadcrumb\":{\"@id\":\"https:\\\/\\\/inovasyondakadin.org\\\/en\\\/2-entrepreneurship-bootcamp\\\/#breadcrumb\"},\"inLanguage\":\"en-US\",\"potentialAction\":[{\"@type\":\"ReadAction\",\"target\":[\"https:\\\/\\\/inovasyondakadin.org\\\/en\\\/2-entrepreneurship-bootcamp\\\/\"]}]},{\"@type\":\"BreadcrumbList\",\"@id\":\"https:\\\/\\\/inovasyondakadin.org\\\/en\\\/2-entrepreneurship-bootcamp\\\/#breadcrumb\",\"itemListElement\":[{\"@type\":\"ListItem\",\"position\":1,\"name\":\"Anasayfa\",\"item\":\"https:\\\/\\\/inovasyondakadin.org\\\/en\\\/\"},{\"@type\":\"ListItem\",\"position\":2,\"name\":\"2nd Entrepreneurship Bootcamp &#8211; 2016\"}]},{\"@type\":\"WebSite\",\"@id\":\"https:\\\/\\\/inovasyondakadin.org\\\/en\\\/#website\",\"url\":\"https:\\\/\\\/inovasyondakadin.org\\\/en\\\/\",\"name\":\"\u0130novasyonda Kad\u0131n\",\"description\":\"Gelecek Kad\u0131n\u0131n G&uuml;c&uuml;yle \u015eekilleniyor\",\"publisher\":{\"@id\":\"https:\\\/\\\/inovasyondakadin.org\\\/en\\\/#organization\"},\"potentialAction\":[{\"@type\":\"SearchAction\",\"target\":{\"@type\":\"EntryPoint\",\"urlTemplate\":\"https:\\\/\\\/inovasyondakadin.org\\\/en\\\/?s={search_term_string}\"},\"query-input\":{\"@type\":\"PropertyValueSpecification\",\"valueRequired\":true,\"valueName\":\"search_term_string\"}}],\"inLanguage\":\"en-US\"},{\"@type\":\"Organization\",\"@id\":\"https:\\\/\\\/inovasyondakadin.org\\\/en\\\/#organization\",\"name\":\"KADIN VE DEMOKRAS\u0130 DERNE\u011e\u0130\",\"alternateName\":\"KADEM\",\"url\":\"https:\\\/\\\/inovasyondakadin.org\\\/en\\\/\",\"logo\":{\"@type\":\"ImageObject\",\"inLanguage\":\"en-US\",\"@id\":\"https:\\\/\\\/inovasyondakadin.org\\\/en\\\/#\\\/schema\\\/logo\\\/image\\\/\",\"url\":\"https:\\\/\\\/inovasyondakadin.org\\\/wp-content\\\/uploads\\\/2025\\\/12\\\/7yhN-V2P_400x400.jpg\",\"contentUrl\":\"https:\\\/\\\/inovasyondakadin.org\\\/wp-content\\\/uploads\\\/2025\\\/12\\\/7yhN-V2P_400x400.jpg\",\"width\":400,\"height\":400,\"caption\":\"KADIN VE DEMOKRAS\u0130 DERNE\u011e\u0130\"},\"image\":{\"@id\":\"https:\\\/\\\/inovasyondakadin.org\\\/en\\\/#\\\/schema\\\/logo\\\/image\\\/\"},\"sameAs\":[\"https:\\\/\\\/www.facebook.com\\\/Kademorgtr\\\/\",\"https:\\\/\\\/x.com\\\/kademorgtr\"]}]}<\/script>\n<!-- \/ Yoast SEO plugin. -->","yoast_head_json":{"title":"2nd Entrepreneurship Bootcamp - 2016 - \u0130novasyonda Kad\u0131n","robots":{"index":"index","follow":"follow","max-snippet":"max-snippet:-1","max-image-preview":"max-image-preview:large","max-video-preview":"max-video-preview:-1"},"canonical":"https:\/\/inovasyondakadin.org\/en\/2-entrepreneurship-bootcamp\/","og_locale":"en_US","og_type":"article","og_title":"2nd Entrepreneurship Bootcamp - 2016 - \u0130novasyonda Kad\u0131n","og_url":"https:\/\/inovasyondakadin.org\/en\/2-entrepreneurship-bootcamp\/","og_site_name":"\u0130novasyonda Kad\u0131n","article_publisher":"https:\/\/www.facebook.com\/Kademorgtr\/","article_modified_time":"2026-01-12T04:18:38+00:00","og_image":[{"width":1364,"height":768,"url":"https:\/\/inovasyondakadin.org\/wp-content\/uploads\/revslider\/video-media\/SliderVideoBG_1_layer.jpeg","type":"image\/jpeg"}],"twitter_card":"summary_large_image","twitter_site":"@kademorgtr","twitter_misc":{"Est. reading time":"3 minutes"},"schema":{"@context":"https:\/\/schema.org","@graph":[{"@type":"WebPage","@id":"https:\/\/inovasyondakadin.org\/en\/2-entrepreneurship-bootcamp\/","url":"https:\/\/inovasyondakadin.org\/en\/2-entrepreneurship-bootcamp\/","name":"2nd Entrepreneurship Bootcamp - 2016 - \u0130novasyonda Kad\u0131n","isPartOf":{"@id":"https:\/\/inovasyondakadin.org\/en\/#website"},"datePublished":"2025-12-07T16:08:44+00:00","dateModified":"2026-01-12T04:18:38+00:00","breadcrumb":{"@id":"https:\/\/inovasyondakadin.org\/en\/2-entrepreneurship-bootcamp\/#breadcrumb"},"inLanguage":"en-US","potentialAction":[{"@type":"ReadAction","target":["https:\/\/inovasyondakadin.org\/en\/2-entrepreneurship-bootcamp\/"]}]},{"@type":"BreadcrumbList","@id":"https:\/\/inovasyondakadin.org\/en\/2-entrepreneurship-bootcamp\/#breadcrumb","itemListElement":[{"@type":"ListItem","position":1,"name":"Anasayfa","item":"https:\/\/inovasyondakadin.org\/en\/"},{"@type":"ListItem","position":2,"name":"2nd Entrepreneurship Bootcamp &#8211; 2016"}]},{"@type":"WebSite","@id":"https:\/\/inovasyondakadin.org\/en\/#website","url":"https:\/\/inovasyondakadin.org\/en\/","name":"\u0130novasyonda Kad\u0131n","description":"Gelecek Kad\u0131n\u0131n G&uuml;c&uuml;yle \u015eekilleniyor","publisher":{"@id":"https:\/\/inovasyondakadin.org\/en\/#organization"},"potentialAction":[{"@type":"SearchAction","target":{"@type":"EntryPoint","urlTemplate":"https:\/\/inovasyondakadin.org\/en\/?s={search_term_string}"},"query-input":{"@type":"PropertyValueSpecification","valueRequired":true,"valueName":"search_term_string"}}],"inLanguage":"en-US"},{"@type":"Organization","@id":"https:\/\/inovasyondakadin.org\/en\/#organization","name":"KADIN VE DEMOKRAS\u0130 DERNE\u011e\u0130","alternateName":"KADEM","url":"https:\/\/inovasyondakadin.org\/en\/","logo":{"@type":"ImageObject","inLanguage":"en-US","@id":"https:\/\/inovasyondakadin.org\/en\/#\/schema\/logo\/image\/","url":"https:\/\/inovasyondakadin.org\/wp-content\/uploads\/2025\/12\/7yhN-V2P_400x400.jpg","contentUrl":"https:\/\/inovasyondakadin.org\/wp-content\/uploads\/2025\/12\/7yhN-V2P_400x400.jpg","width":400,"height":400,"caption":"KADIN VE DEMOKRAS\u0130 DERNE\u011e\u0130"},"image":{"@id":"https:\/\/inovasyondakadin.org\/en\/#\/schema\/logo\/image\/"},"sameAs":["https:\/\/www.facebook.com\/Kademorgtr\/","https:\/\/x.com\/kademorgtr"]}]}},"_links":{"self":[{"href":"https:\/\/inovasyondakadin.org\/en\/wp-json\/wp\/v2\/pages\/7574","targetHints":{"allow":["GET"]}}],"collection":[{"href":"https:\/\/inovasyondakadin.org\/en\/wp-json\/wp\/v2\/pages"}],"about":[{"href":"https:\/\/inovasyondakadin.org\/en\/wp-json\/wp\/v2\/types\/page"}],"author":[{"embeddable":true,"href":"https:\/\/inovasyondakadin.org\/en\/wp-json\/wp\/v2\/users\/1"}],"replies":[{"embeddable":true,"href":"https:\/\/inovasyondakadin.org\/en\/wp-json\/wp\/v2\/comments?post=7574"}],"version-history":[{"count":7,"href":"https:\/\/inovasyondakadin.org\/en\/wp-json\/wp\/v2\/pages\/7574\/revisions"}],"predecessor-version":[{"id":7944,"href":"https:\/\/inovasyondakadin.org\/en\/wp-json\/wp\/v2\/pages\/7574\/revisions\/7944"}],"wp:attachment":[{"href":"https:\/\/inovasyondakadin.org\/en\/wp-json\/wp\/v2\/media?parent=7574"}],"wp:term":[{"taxonomy":"mentor-konusmaci","embeddable":true,"href":"https:\/\/inovasyondakadin.org\/en\/wp-json\/wp\/v2\/mentor-konusmaci?post=7574"}],"curies":[{"name":"wp","href":"https:\/\/api.w.org\/{rel}","templated":true}]}}