{"id":7572,"date":"2025-12-07T21:07:23","date_gmt":"2025-12-07T18:07:23","guid":{"rendered":"https:\/\/inovasyondakadin.org\/3-girisimcilik-kampi-2017\/"},"modified":"2026-01-12T07:18:30","modified_gmt":"2026-01-12T04:18:30","slug":"3-entrepreneurship-bootcamp","status":"publish","type":"page","link":"https:\/\/inovasyondakadin.org\/en\/3-entrepreneurship-bootcamp\/","title":{"rendered":"3rd Entrepreneurship Bootcamp &#8211; 2017"},"content":{"rendered":"<div class=\"fusion-fullwidth fullwidth-box fusion-builder-row-1 fusion-flex-container has-pattern-background has-mask-background nonhundred-percent-fullwidth non-hundred-percent-height-scrolling\" style=\"--awb-border-radius-top-left:0px;--awb-border-radius-top-right:0px;--awb-border-radius-bottom-right:0px;--awb-border-radius-bottom-left:0px;--awb-flex-wrap:wrap;\" ><div class=\"fusion-builder-row fusion-row fusion-flex-align-items-flex-start fusion-flex-content-wrap\" style=\"max-width:1216.8px;margin-left: calc(-4% \/ 2 );margin-right: calc(-4% \/ 2 );\"><div class=\"fusion-layout-column fusion_builder_column fusion-builder-column-0 fusion_builder_column_1_1 1_1 fusion-flex-column\" style=\"--awb-bg-size:cover;--awb-width-large:100%;--awb-margin-top-large:20px;--awb-spacing-right-large:1.92%;--awb-margin-bottom-large:20px;--awb-spacing-left-large:1.92%;--awb-width-medium:100%;--awb-order-medium:0;--awb-spacing-right-medium:1.92%;--awb-spacing-left-medium:1.92%;--awb-width-small:100%;--awb-order-small:0;--awb-spacing-right-small:1.92%;--awb-spacing-left-small:1.92%;\"><div class=\"fusion-column-wrapper fusion-column-has-shadow fusion-flex-justify-content-flex-start fusion-content-layout-column\"><div class=\"fusion-text fusion-text-1\"><p>While entrepreneurship is the path to economic development around the world and in our country, empowering women also requires innovation and entrepreneurship. The 3rd Women in Innovation Entrepreneurship Camp, organized in collaboration with the <strong>Women and Democracy Association (KADEM)<\/strong> and <strong>T\u00dcB\u0130TAK Marmara Teknokent (MARTEK)<\/strong>, with the support of the Istanbul Metropolitan Municipality and media sponsorship from <strong>Sabah<\/strong>, <strong>A Haber<\/strong>, <strong>Daily Sabah<\/strong>, and <strong>Lacivert Magazine<\/strong>, was held on <strong>October 8-14, 2017<\/strong>.<\/p>\n<p>With the slogan \u201c<strong>Make your project your business<\/strong>\u201d <strong>29 of the 519 projects<\/strong> that applied to the <strong>3rd Women&#8217;s Entrepreneurship Camp<\/strong> in Innovation were selected to participate.<\/p>\n<p><strong>During the one-week training period, entrepreneurs learned about:<\/strong><\/p>\n<ul>\n<li>Realizing Potential in Entrepreneurship,<\/li>\n<li>Developing a Business Model in Entrepreneurship,<\/li>\n<li>Project Cycle,<\/li>\n<li>Market Analysis in Entrepreneurship,<\/li>\n<li>Marketing in Entrepreneurship,<\/li>\n<li>Entrepreneurship and Start-ups,<\/li>\n<li>Cost Analysis in Entrepreneurship,<\/li>\n<li>National and International Intellectual Property Processes,<\/li>\n<li>Communication Workshop for Entrepreneurs,<\/li>\n<li>Business Law,<\/li>\n<li>Overcoming Challenges and Leadership in Entrepreneurship,<\/li>\n<li>Feasibility in Entrepreneurship,<\/li>\n<li>Financial Literacy.<\/li>\n<\/ul>\n<p>They also had the opportunity to meet with mentors and successful figures from the business world to benefit from their experience sharing.<br \/>\nAt the end of the entrepreneurship camp, the five successful projects that made it to the finals were entitled to an additional support of <strong>25,000 TL<\/strong> per project (if they were eligible to receive one of the financial supports provided by national and international official institutions and organizations) and also had the right to accommodation for one year at the Incubation Center within <strong>Marmara Teknokent<\/strong> to carry out their projects.<\/p>\n<\/div><div class=\"awb-gallery-wrapper awb-gallery-wrapper-1 button-span-no\" style=\"--more-btn-alignment:center;\" data-limit=\"10\" data-page=\"1\"><div style=\"margin:-5px;--awb-bordersize:0px;--awb-border-radius:16px;\" class=\"fusion-gallery fusion-gallery-container fusion-grid-5 fusion-columns-total-5 fusion-gallery-layout-grid fusion-gallery-1\"><div style=\"padding:5px;\" class=\"fusion-grid-column fusion-gallery-column fusion-gallery-column-5 hover-type-zoomin\"><div class=\"fusion-gallery-image\"><a href=\"https:\/\/inovasyondakadin.org\/wp-content\/uploads\/2025\/12\/3-KADINKAMPRESIM5c90efbbde0fc4915a206b1c5b0f0dc04_thumbnail.webp\" rel=\"noreferrer\" data-rel=\"iLightbox[gallery_image_1]\" class=\"fusion-lightbox\" target=\"_self\"><img decoding=\"async\" src=\"https:\/\/inovasyondakadin.org\/wp-content\/uploads\/2025\/12\/3-KADINKAMPRESIM5c90efbbde0fc4915a206b1c5b0f0dc04_thumbnail.webp\" data-orig-src=\"https:\/\/inovasyondakadin.org\/wp-content\/uploads\/2025\/12\/3-KADINKAMPRESIM5c90efbbde0fc4915a206b1c5b0f0dc04_thumbnail.webp\" width=\"800\" height=\"450\" alt=\"\" title=\"3-KADINKAMPRESIM5c90efbbde0fc4915a206b1c5b0f0dc04_thumbnail\" aria-label=\"3-KADINKAMPRESIM5c90efbbde0fc4915a206b1c5b0f0dc04_thumbnail\" class=\"lazyload img-responsive wp-image-7591\" srcset=\"data:image\/svg+xml,%3Csvg%20xmlns%3D%27http%3A%2F%2Fwww.w3.org%2F2000%2Fsvg%27%20width%3D%27800%27%20height%3D%27450%27%20viewBox%3D%270%200%20800%20450%27%3E%3Crect%20width%3D%27800%27%20height%3D%27450%27%20fill-opacity%3D%220%22%2F%3E%3C%2Fsvg%3E\" data-srcset=\"https:\/\/inovasyondakadin.org\/wp-content\/uploads\/2025\/12\/3-KADINKAMPRESIM5c90efbbde0fc4915a206b1c5b0f0dc04_thumbnail-200x113.webp 200w, https:\/\/inovasyondakadin.org\/wp-content\/uploads\/2025\/12\/3-KADINKAMPRESIM5c90efbbde0fc4915a206b1c5b0f0dc04_thumbnail-400x225.webp 400w, https:\/\/inovasyondakadin.org\/wp-content\/uploads\/2025\/12\/3-KADINKAMPRESIM5c90efbbde0fc4915a206b1c5b0f0dc04_thumbnail-600x338.webp 600w, https:\/\/inovasyondakadin.org\/wp-content\/uploads\/2025\/12\/3-KADINKAMPRESIM5c90efbbde0fc4915a206b1c5b0f0dc04_thumbnail.webp 800w\" data-sizes=\"auto\" data-orig-sizes=\"(min-width: 2200px) 100vw, (min-width: 928px) 230px, (min-width: 856px) 288px, (min-width: 784px) 383px, (min-width: 712px) 575px, (min-width: 640px) 712px, \" \/><\/a><\/div><\/div><div style=\"padding:5px;\" class=\"fusion-grid-column fusion-gallery-column fusion-gallery-column-5 hover-type-zoomin\"><div class=\"fusion-gallery-image\"><a href=\"https:\/\/inovasyondakadin.org\/wp-content\/uploads\/2025\/12\/3-KADINKAMPRESIM7d0599eeeb9d149da82a33a06725d3be1_thumbnail.webp\" rel=\"noreferrer\" data-rel=\"iLightbox[gallery_image_1]\" class=\"fusion-lightbox\" target=\"_self\"><img decoding=\"async\" src=\"https:\/\/inovasyondakadin.org\/wp-content\/uploads\/2025\/12\/3-KADINKAMPRESIM7d0599eeeb9d149da82a33a06725d3be1_thumbnail.webp\" data-orig-src=\"https:\/\/inovasyondakadin.org\/wp-content\/uploads\/2025\/12\/3-KADINKAMPRESIM7d0599eeeb9d149da82a33a06725d3be1_thumbnail.webp\" width=\"799\" height=\"450\" alt=\"\" title=\"3-KADINKAMPRESIM7d0599eeeb9d149da82a33a06725d3be1_thumbnail\" aria-label=\"3-KADINKAMPRESIM7d0599eeeb9d149da82a33a06725d3be1_thumbnail\" class=\"lazyload img-responsive wp-image-7592\" srcset=\"data:image\/svg+xml,%3Csvg%20xmlns%3D%27http%3A%2F%2Fwww.w3.org%2F2000%2Fsvg%27%20width%3D%27799%27%20height%3D%27450%27%20viewBox%3D%270%200%20799%20450%27%3E%3Crect%20width%3D%27799%27%20height%3D%27450%27%20fill-opacity%3D%220%22%2F%3E%3C%2Fsvg%3E\" data-srcset=\"https:\/\/inovasyondakadin.org\/wp-content\/uploads\/2025\/12\/3-KADINKAMPRESIM7d0599eeeb9d149da82a33a06725d3be1_thumbnail-200x113.webp 200w, https:\/\/inovasyondakadin.org\/wp-content\/uploads\/2025\/12\/3-KADINKAMPRESIM7d0599eeeb9d149da82a33a06725d3be1_thumbnail-400x225.webp 400w, https:\/\/inovasyondakadin.org\/wp-content\/uploads\/2025\/12\/3-KADINKAMPRESIM7d0599eeeb9d149da82a33a06725d3be1_thumbnail-600x338.webp 600w, https:\/\/inovasyondakadin.org\/wp-content\/uploads\/2025\/12\/3-KADINKAMPRESIM7d0599eeeb9d149da82a33a06725d3be1_thumbnail.webp 799w\" data-sizes=\"auto\" data-orig-sizes=\"(min-width: 2200px) 100vw, (min-width: 928px) 230px, (min-width: 856px) 288px, (min-width: 784px) 383px, (min-width: 712px) 575px, (min-width: 640px) 712px, \" \/><\/a><\/div><\/div><div style=\"padding:5px;\" class=\"fusion-grid-column fusion-gallery-column fusion-gallery-column-5 hover-type-zoomin\"><div class=\"fusion-gallery-image\"><a href=\"https:\/\/inovasyondakadin.org\/wp-content\/uploads\/2025\/12\/3-KADINKAMPRESIM80bd00f05d0844c84985a6584c3078080_thumbnail.webp\" rel=\"noreferrer\" data-rel=\"iLightbox[gallery_image_1]\" class=\"fusion-lightbox\" target=\"_self\"><img decoding=\"async\" src=\"https:\/\/inovasyondakadin.org\/wp-content\/uploads\/2025\/12\/3-KADINKAMPRESIM80bd00f05d0844c84985a6584c3078080_thumbnail.webp\" data-orig-src=\"https:\/\/inovasyondakadin.org\/wp-content\/uploads\/2025\/12\/3-KADINKAMPRESIM80bd00f05d0844c84985a6584c3078080_thumbnail.webp\" width=\"800\" height=\"450\" alt=\"\" title=\"3-KADINKAMPRESIM80bd00f05d0844c84985a6584c3078080_thumbnail\" aria-label=\"3-KADINKAMPRESIM80bd00f05d0844c84985a6584c3078080_thumbnail\" class=\"lazyload img-responsive wp-image-7593\" srcset=\"data:image\/svg+xml,%3Csvg%20xmlns%3D%27http%3A%2F%2Fwww.w3.org%2F2000%2Fsvg%27%20width%3D%27800%27%20height%3D%27450%27%20viewBox%3D%270%200%20800%20450%27%3E%3Crect%20width%3D%27800%27%20height%3D%27450%27%20fill-opacity%3D%220%22%2F%3E%3C%2Fsvg%3E\" data-srcset=\"https:\/\/inovasyondakadin.org\/wp-content\/uploads\/2025\/12\/3-KADINKAMPRESIM80bd00f05d0844c84985a6584c3078080_thumbnail-200x113.webp 200w, https:\/\/inovasyondakadin.org\/wp-content\/uploads\/2025\/12\/3-KADINKAMPRESIM80bd00f05d0844c84985a6584c3078080_thumbnail-400x225.webp 400w, https:\/\/inovasyondakadin.org\/wp-content\/uploads\/2025\/12\/3-KADINKAMPRESIM80bd00f05d0844c84985a6584c3078080_thumbnail-600x338.webp 600w, https:\/\/inovasyondakadin.org\/wp-content\/uploads\/2025\/12\/3-KADINKAMPRESIM80bd00f05d0844c84985a6584c3078080_thumbnail.webp 800w\" data-sizes=\"auto\" data-orig-sizes=\"(min-width: 2200px) 100vw, (min-width: 928px) 230px, (min-width: 856px) 288px, (min-width: 784px) 383px, (min-width: 712px) 575px, (min-width: 640px) 712px, \" \/><\/a><\/div><\/div><div style=\"padding:5px;\" class=\"fusion-grid-column fusion-gallery-column fusion-gallery-column-5 hover-type-zoomin\"><div class=\"fusion-gallery-image\"><a href=\"https:\/\/inovasyondakadin.org\/wp-content\/uploads\/2025\/12\/3-KADINKAMPRESIM412c47e396e984ae6b83e0a2e0f13cd86_thumbnail.webp\" rel=\"noreferrer\" data-rel=\"iLightbox[gallery_image_1]\" class=\"fusion-lightbox\" target=\"_self\"><img decoding=\"async\" src=\"https:\/\/inovasyondakadin.org\/wp-content\/uploads\/2025\/12\/3-KADINKAMPRESIM412c47e396e984ae6b83e0a2e0f13cd86_thumbnail.webp\" data-orig-src=\"https:\/\/inovasyondakadin.org\/wp-content\/uploads\/2025\/12\/3-KADINKAMPRESIM412c47e396e984ae6b83e0a2e0f13cd86_thumbnail.webp\" width=\"800\" height=\"450\" alt=\"\" title=\"3-KADINKAMPRESIM412c47e396e984ae6b83e0a2e0f13cd86_thumbnail\" aria-label=\"3-KADINKAMPRESIM412c47e396e984ae6b83e0a2e0f13cd86_thumbnail\" class=\"lazyload img-responsive wp-image-7594\" srcset=\"data:image\/svg+xml,%3Csvg%20xmlns%3D%27http%3A%2F%2Fwww.w3.org%2F2000%2Fsvg%27%20width%3D%27800%27%20height%3D%27450%27%20viewBox%3D%270%200%20800%20450%27%3E%3Crect%20width%3D%27800%27%20height%3D%27450%27%20fill-opacity%3D%220%22%2F%3E%3C%2Fsvg%3E\" data-srcset=\"https:\/\/inovasyondakadin.org\/wp-content\/uploads\/2025\/12\/3-KADINKAMPRESIM412c47e396e984ae6b83e0a2e0f13cd86_thumbnail-200x113.webp 200w, https:\/\/inovasyondakadin.org\/wp-content\/uploads\/2025\/12\/3-KADINKAMPRESIM412c47e396e984ae6b83e0a2e0f13cd86_thumbnail-400x225.webp 400w, https:\/\/inovasyondakadin.org\/wp-content\/uploads\/2025\/12\/3-KADINKAMPRESIM412c47e396e984ae6b83e0a2e0f13cd86_thumbnail-600x338.webp 600w, https:\/\/inovasyondakadin.org\/wp-content\/uploads\/2025\/12\/3-KADINKAMPRESIM412c47e396e984ae6b83e0a2e0f13cd86_thumbnail.webp 800w\" data-sizes=\"auto\" data-orig-sizes=\"(min-width: 2200px) 100vw, (min-width: 928px) 230px, (min-width: 856px) 288px, (min-width: 784px) 383px, (min-width: 712px) 575px, (min-width: 640px) 712px, \" \/><\/a><\/div><\/div><div style=\"padding:5px;\" class=\"fusion-grid-column fusion-gallery-column fusion-gallery-column-5 hover-type-zoomin\"><div class=\"fusion-gallery-image\"><a href=\"https:\/\/inovasyondakadin.org\/wp-content\/uploads\/2025\/12\/3-KADINKAMPRESIM6313803e6c0cf4705b789de67d29a7f04_thumbnail.webp\" rel=\"noreferrer\" data-rel=\"iLightbox[gallery_image_1]\" class=\"fusion-lightbox\" target=\"_self\"><img decoding=\"async\" src=\"https:\/\/inovasyondakadin.org\/wp-content\/uploads\/2025\/12\/3-KADINKAMPRESIM6313803e6c0cf4705b789de67d29a7f04_thumbnail.webp\" data-orig-src=\"https:\/\/inovasyondakadin.org\/wp-content\/uploads\/2025\/12\/3-KADINKAMPRESIM6313803e6c0cf4705b789de67d29a7f04_thumbnail.webp\" width=\"800\" height=\"450\" alt=\"\" title=\"3-KADINKAMPRESIM6313803e6c0cf4705b789de67d29a7f04_thumbnail\" aria-label=\"3-KADINKAMPRESIM6313803e6c0cf4705b789de67d29a7f04_thumbnail\" class=\"lazyload img-responsive wp-image-7595\" srcset=\"data:image\/svg+xml,%3Csvg%20xmlns%3D%27http%3A%2F%2Fwww.w3.org%2F2000%2Fsvg%27%20width%3D%27800%27%20height%3D%27450%27%20viewBox%3D%270%200%20800%20450%27%3E%3Crect%20width%3D%27800%27%20height%3D%27450%27%20fill-opacity%3D%220%22%2F%3E%3C%2Fsvg%3E\" data-srcset=\"https:\/\/inovasyondakadin.org\/wp-content\/uploads\/2025\/12\/3-KADINKAMPRESIM6313803e6c0cf4705b789de67d29a7f04_thumbnail-200x113.webp 200w, https:\/\/inovasyondakadin.org\/wp-content\/uploads\/2025\/12\/3-KADINKAMPRESIM6313803e6c0cf4705b789de67d29a7f04_thumbnail-400x225.webp 400w, https:\/\/inovasyondakadin.org\/wp-content\/uploads\/2025\/12\/3-KADINKAMPRESIM6313803e6c0cf4705b789de67d29a7f04_thumbnail-600x338.webp 600w, https:\/\/inovasyondakadin.org\/wp-content\/uploads\/2025\/12\/3-KADINKAMPRESIM6313803e6c0cf4705b789de67d29a7f04_thumbnail.webp 800w\" data-sizes=\"auto\" data-orig-sizes=\"(min-width: 2200px) 100vw, (min-width: 928px) 230px, (min-width: 856px) 288px, (min-width: 784px) 383px, (min-width: 712px) 575px, (min-width: 640px) 712px, \" \/><\/a><\/div><\/div><div class=\"clearfix\"><\/div><\/div><\/div><\/div><\/div><\/div><\/div>\n","protected":false},"excerpt":{"rendered":"","protected":false},"author":1,"featured_media":0,"parent":0,"menu_order":0,"comment_status":"closed","ping_status":"closed","template":"","meta":{"_acf_changed":false,"footnotes":""},"mentor-konusmaci":[],"class_list":["post-7572","page","type-page","status-publish","hentry"],"acf":[],"yoast_head":"<!-- This site is optimized with the Yoast SEO plugin v27.4 - https:\/\/yoast.com\/product\/yoast-seo-wordpress\/ -->\n<title>3rd Entrepreneurship Bootcamp - 2017 - \u0130novasyonda Kad\u0131n<\/title>\n<meta name=\"robots\" content=\"index, follow, max-snippet:-1, max-image-preview:large, max-video-preview:-1\" \/>\n<link rel=\"canonical\" href=\"https:\/\/inovasyondakadin.org\/en\/3-entrepreneurship-bootcamp\/\" \/>\n<meta property=\"og:locale\" content=\"en_US\" \/>\n<meta property=\"og:type\" content=\"article\" \/>\n<meta property=\"og:title\" content=\"3rd Entrepreneurship Bootcamp - 2017 - \u0130novasyonda Kad\u0131n\" \/>\n<meta property=\"og:url\" content=\"https:\/\/inovasyondakadin.org\/en\/3-entrepreneurship-bootcamp\/\" \/>\n<meta property=\"og:site_name\" content=\"\u0130novasyonda Kad\u0131n\" \/>\n<meta property=\"article:publisher\" content=\"https:\/\/www.facebook.com\/Kademorgtr\/\" \/>\n<meta property=\"article:modified_time\" content=\"2026-01-12T04:18:30+00:00\" \/>\n<meta property=\"og:image\" content=\"https:\/\/inovasyondakadin.org\/wp-content\/uploads\/revslider\/video-media\/SliderVideoBG_1_layer.jpeg\" \/>\n\t<meta property=\"og:image:width\" content=\"1364\" \/>\n\t<meta property=\"og:image:height\" content=\"768\" \/>\n\t<meta property=\"og:image:type\" content=\"image\/jpeg\" \/>\n<meta name=\"twitter:card\" content=\"summary_large_image\" \/>\n<meta name=\"twitter:site\" content=\"@kademorgtr\" \/>\n<meta name=\"twitter:label1\" content=\"Est. reading time\" \/>\n\t<meta name=\"twitter:data1\" content=\"3 minutes\" \/>\n<script type=\"application\/ld+json\" class=\"yoast-schema-graph\">{\"@context\":\"https:\\\/\\\/schema.org\",\"@graph\":[{\"@type\":\"WebPage\",\"@id\":\"https:\\\/\\\/inovasyondakadin.org\\\/en\\\/3-entrepreneurship-bootcamp\\\/\",\"url\":\"https:\\\/\\\/inovasyondakadin.org\\\/en\\\/3-entrepreneurship-bootcamp\\\/\",\"name\":\"3rd Entrepreneurship Bootcamp - 2017 - \u0130novasyonda Kad\u0131n\",\"isPartOf\":{\"@id\":\"https:\\\/\\\/inovasyondakadin.org\\\/en\\\/#website\"},\"datePublished\":\"2025-12-07T18:07:23+00:00\",\"dateModified\":\"2026-01-12T04:18:30+00:00\",\"breadcrumb\":{\"@id\":\"https:\\\/\\\/inovasyondakadin.org\\\/en\\\/3-entrepreneurship-bootcamp\\\/#breadcrumb\"},\"inLanguage\":\"en-US\",\"potentialAction\":[{\"@type\":\"ReadAction\",\"target\":[\"https:\\\/\\\/inovasyondakadin.org\\\/en\\\/3-entrepreneurship-bootcamp\\\/\"]}]},{\"@type\":\"BreadcrumbList\",\"@id\":\"https:\\\/\\\/inovasyondakadin.org\\\/en\\\/3-entrepreneurship-bootcamp\\\/#breadcrumb\",\"itemListElement\":[{\"@type\":\"ListItem\",\"position\":1,\"name\":\"Anasayfa\",\"item\":\"https:\\\/\\\/inovasyondakadin.org\\\/en\\\/\"},{\"@type\":\"ListItem\",\"position\":2,\"name\":\"3rd Entrepreneurship Bootcamp &#8211; 2017\"}]},{\"@type\":\"WebSite\",\"@id\":\"https:\\\/\\\/inovasyondakadin.org\\\/en\\\/#website\",\"url\":\"https:\\\/\\\/inovasyondakadin.org\\\/en\\\/\",\"name\":\"\u0130novasyonda Kad\u0131n\",\"description\":\"Gelecek Kad\u0131n\u0131n G&uuml;c&uuml;yle \u015eekilleniyor\",\"publisher\":{\"@id\":\"https:\\\/\\\/inovasyondakadin.org\\\/en\\\/#organization\"},\"potentialAction\":[{\"@type\":\"SearchAction\",\"target\":{\"@type\":\"EntryPoint\",\"urlTemplate\":\"https:\\\/\\\/inovasyondakadin.org\\\/en\\\/?s={search_term_string}\"},\"query-input\":{\"@type\":\"PropertyValueSpecification\",\"valueRequired\":true,\"valueName\":\"search_term_string\"}}],\"inLanguage\":\"en-US\"},{\"@type\":\"Organization\",\"@id\":\"https:\\\/\\\/inovasyondakadin.org\\\/en\\\/#organization\",\"name\":\"KADIN VE DEMOKRAS\u0130 DERNE\u011e\u0130\",\"alternateName\":\"KADEM\",\"url\":\"https:\\\/\\\/inovasyondakadin.org\\\/en\\\/\",\"logo\":{\"@type\":\"ImageObject\",\"inLanguage\":\"en-US\",\"@id\":\"https:\\\/\\\/inovasyondakadin.org\\\/en\\\/#\\\/schema\\\/logo\\\/image\\\/\",\"url\":\"https:\\\/\\\/inovasyondakadin.org\\\/wp-content\\\/uploads\\\/2025\\\/12\\\/7yhN-V2P_400x400.jpg\",\"contentUrl\":\"https:\\\/\\\/inovasyondakadin.org\\\/wp-content\\\/uploads\\\/2025\\\/12\\\/7yhN-V2P_400x400.jpg\",\"width\":400,\"height\":400,\"caption\":\"KADIN VE DEMOKRAS\u0130 DERNE\u011e\u0130\"},\"image\":{\"@id\":\"https:\\\/\\\/inovasyondakadin.org\\\/en\\\/#\\\/schema\\\/logo\\\/image\\\/\"},\"sameAs\":[\"https:\\\/\\\/www.facebook.com\\\/Kademorgtr\\\/\",\"https:\\\/\\\/x.com\\\/kademorgtr\"]}]}<\/script>\n<!-- \/ Yoast SEO plugin. -->","yoast_head_json":{"title":"3rd Entrepreneurship Bootcamp - 2017 - \u0130novasyonda Kad\u0131n","robots":{"index":"index","follow":"follow","max-snippet":"max-snippet:-1","max-image-preview":"max-image-preview:large","max-video-preview":"max-video-preview:-1"},"canonical":"https:\/\/inovasyondakadin.org\/en\/3-entrepreneurship-bootcamp\/","og_locale":"en_US","og_type":"article","og_title":"3rd Entrepreneurship Bootcamp - 2017 - \u0130novasyonda Kad\u0131n","og_url":"https:\/\/inovasyondakadin.org\/en\/3-entrepreneurship-bootcamp\/","og_site_name":"\u0130novasyonda Kad\u0131n","article_publisher":"https:\/\/www.facebook.com\/Kademorgtr\/","article_modified_time":"2026-01-12T04:18:30+00:00","og_image":[{"width":1364,"height":768,"url":"https:\/\/inovasyondakadin.org\/wp-content\/uploads\/revslider\/video-media\/SliderVideoBG_1_layer.jpeg","type":"image\/jpeg"}],"twitter_card":"summary_large_image","twitter_site":"@kademorgtr","twitter_misc":{"Est. reading time":"3 minutes"},"schema":{"@context":"https:\/\/schema.org","@graph":[{"@type":"WebPage","@id":"https:\/\/inovasyondakadin.org\/en\/3-entrepreneurship-bootcamp\/","url":"https:\/\/inovasyondakadin.org\/en\/3-entrepreneurship-bootcamp\/","name":"3rd Entrepreneurship Bootcamp - 2017 - \u0130novasyonda Kad\u0131n","isPartOf":{"@id":"https:\/\/inovasyondakadin.org\/en\/#website"},"datePublished":"2025-12-07T18:07:23+00:00","dateModified":"2026-01-12T04:18:30+00:00","breadcrumb":{"@id":"https:\/\/inovasyondakadin.org\/en\/3-entrepreneurship-bootcamp\/#breadcrumb"},"inLanguage":"en-US","potentialAction":[{"@type":"ReadAction","target":["https:\/\/inovasyondakadin.org\/en\/3-entrepreneurship-bootcamp\/"]}]},{"@type":"BreadcrumbList","@id":"https:\/\/inovasyondakadin.org\/en\/3-entrepreneurship-bootcamp\/#breadcrumb","itemListElement":[{"@type":"ListItem","position":1,"name":"Anasayfa","item":"https:\/\/inovasyondakadin.org\/en\/"},{"@type":"ListItem","position":2,"name":"3rd Entrepreneurship Bootcamp &#8211; 2017"}]},{"@type":"WebSite","@id":"https:\/\/inovasyondakadin.org\/en\/#website","url":"https:\/\/inovasyondakadin.org\/en\/","name":"\u0130novasyonda Kad\u0131n","description":"Gelecek Kad\u0131n\u0131n G&uuml;c&uuml;yle \u015eekilleniyor","publisher":{"@id":"https:\/\/inovasyondakadin.org\/en\/#organization"},"potentialAction":[{"@type":"SearchAction","target":{"@type":"EntryPoint","urlTemplate":"https:\/\/inovasyondakadin.org\/en\/?s={search_term_string}"},"query-input":{"@type":"PropertyValueSpecification","valueRequired":true,"valueName":"search_term_string"}}],"inLanguage":"en-US"},{"@type":"Organization","@id":"https:\/\/inovasyondakadin.org\/en\/#organization","name":"KADIN VE DEMOKRAS\u0130 DERNE\u011e\u0130","alternateName":"KADEM","url":"https:\/\/inovasyondakadin.org\/en\/","logo":{"@type":"ImageObject","inLanguage":"en-US","@id":"https:\/\/inovasyondakadin.org\/en\/#\/schema\/logo\/image\/","url":"https:\/\/inovasyondakadin.org\/wp-content\/uploads\/2025\/12\/7yhN-V2P_400x400.jpg","contentUrl":"https:\/\/inovasyondakadin.org\/wp-content\/uploads\/2025\/12\/7yhN-V2P_400x400.jpg","width":400,"height":400,"caption":"KADIN VE DEMOKRAS\u0130 DERNE\u011e\u0130"},"image":{"@id":"https:\/\/inovasyondakadin.org\/en\/#\/schema\/logo\/image\/"},"sameAs":["https:\/\/www.facebook.com\/Kademorgtr\/","https:\/\/x.com\/kademorgtr"]}]}},"_links":{"self":[{"href":"https:\/\/inovasyondakadin.org\/en\/wp-json\/wp\/v2\/pages\/7572","targetHints":{"allow":["GET"]}}],"collection":[{"href":"https:\/\/inovasyondakadin.org\/en\/wp-json\/wp\/v2\/pages"}],"about":[{"href":"https:\/\/inovasyondakadin.org\/en\/wp-json\/wp\/v2\/types\/page"}],"author":[{"embeddable":true,"href":"https:\/\/inovasyondakadin.org\/en\/wp-json\/wp\/v2\/users\/1"}],"replies":[{"embeddable":true,"href":"https:\/\/inovasyondakadin.org\/en\/wp-json\/wp\/v2\/comments?post=7572"}],"version-history":[{"count":6,"href":"https:\/\/inovasyondakadin.org\/en\/wp-json\/wp\/v2\/pages\/7572\/revisions"}],"predecessor-version":[{"id":7943,"href":"https:\/\/inovasyondakadin.org\/en\/wp-json\/wp\/v2\/pages\/7572\/revisions\/7943"}],"wp:attachment":[{"href":"https:\/\/inovasyondakadin.org\/en\/wp-json\/wp\/v2\/media?parent=7572"}],"wp:term":[{"taxonomy":"mentor-konusmaci","embeddable":true,"href":"https:\/\/inovasyondakadin.org\/en\/wp-json\/wp\/v2\/mentor-konusmaci?post=7572"}],"curies":[{"name":"wp","href":"https:\/\/api.w.org\/{rel}","templated":true}]}}