{"id":7569,"date":"2025-12-07T21:08:19","date_gmt":"2025-12-07T18:08:19","guid":{"rendered":"https:\/\/inovasyondakadin.org\/5-girisimcilik-kampi\/"},"modified":"2026-01-27T07:49:46","modified_gmt":"2026-01-27T04:49:46","slug":"5-entrepreneurship-bootcamp","status":"publish","type":"page","link":"https:\/\/inovasyondakadin.org\/en\/5-entrepreneurship-bootcamp\/","title":{"rendered":"5th Entrepreneurship Bootcamp &#8211; 2020"},"content":{"rendered":"<p><div class=\"fusion-fullwidth fullwidth-box fusion-builder-row-1 fusion-flex-container has-pattern-background has-mask-background nonhundred-percent-fullwidth non-hundred-percent-height-scrolling\" style=\"--awb-border-radius-top-left:0px;--awb-border-radius-top-right:0px;--awb-border-radius-bottom-right:0px;--awb-border-radius-bottom-left:0px;--awb-flex-wrap:wrap;\" ><div class=\"fusion-builder-row fusion-row fusion-flex-align-items-flex-start fusion-flex-content-wrap\" style=\"max-width:1216.8px;margin-left: calc(-4% \/ 2 );margin-right: calc(-4% \/ 2 );\"><div class=\"fusion-layout-column fusion_builder_column fusion-builder-column-0 fusion_builder_column_1_1 1_1 fusion-flex-column\" style=\"--awb-bg-size:cover;--awb-width-large:100%;--awb-margin-top-large:20px;--awb-spacing-right-large:1.92%;--awb-margin-bottom-large:20px;--awb-spacing-left-large:1.92%;--awb-width-medium:100%;--awb-order-medium:0;--awb-spacing-right-medium:1.92%;--awb-spacing-left-medium:1.92%;--awb-width-small:100%;--awb-order-small:0;--awb-spacing-right-small:1.92%;--awb-spacing-left-small:1.92%;\"><div class=\"fusion-column-wrapper fusion-column-has-shadow fusion-flex-justify-content-flex-start fusion-content-layout-column\"><div class=\"fusion-text fusion-text-1\"><p>Organized in collaboration with <strong>KADEM (Women and Democracy Association), T\u00dcB\u0130TAK Marmara Technopark, Bili\u015fim Vadisi, and TOBB ET\u00dc<\/strong>, the <strong>5th Women in Innovation Entrepreneurship Camp<\/strong> was held with the aim of enhancing women&#8217;s entrepreneurial skills and enabling them to secure qualified employment.<\/p>\n<p>Between <strong>February 22 and August 30, 2020<\/strong>, <strong>30 female<\/strong> entrepreneurs were selected from a total of <strong>235 projects<\/strong> that applied to the camp with the slogan \u201c<strong>I Have an Idea and I Want to Bring It to Life.<\/strong>\u201d Due to the pandemic, the <strong>15-day camp<\/strong> was held online and covered the following topics:<\/p>\n<ul>\n<li>Entrepreneurship and Start-Up Ecosystem,<\/li>\n<li>Start-Up Analysis and Technological Maturity,<\/li>\n<li>Leadership in Entrepreneurship,<\/li>\n<li>SWOT Analysis of Business Ideas,<\/li>\n<li>Business Law, and Mentoring.<\/li>\n<\/ul>\n<p>At the end of the camp, organized in collaboration with <strong>KADEM, T\u00dcB\u0130TAK Marmara Teknokent, Bili\u015fim Vadisi, and TOBB ET\u00dc<\/strong>, the 5 successful projects that reached the final stage were awarded an additional support of <strong>25,000 TL<\/strong> per project (if they are eligible to receive one of the financial supports provided by national and international official institutions and organizations) and the right to carry out their projects for one year at the Incubation Center for one year to carry out their project work.<\/p>\n<\/div><\/div><\/div><div class=\"fusion-layout-column fusion_builder_column fusion-builder-column-1 fusion_builder_column_1_2 1_2 fusion-flex-column\" style=\"--awb-bg-size:cover;--awb-width-large:50%;--awb-margin-top-large:20px;--awb-spacing-right-large:3.84%;--awb-margin-bottom-large:20px;--awb-spacing-left-large:3.84%;--awb-width-medium:100%;--awb-order-medium:0;--awb-spacing-right-medium:1.92%;--awb-spacing-left-medium:1.92%;--awb-width-small:100%;--awb-order-small:0;--awb-spacing-right-small:1.92%;--awb-spacing-left-small:1.92%;\"><div class=\"fusion-column-wrapper fusion-column-has-shadow fusion-flex-justify-content-flex-start fusion-content-layout-column\"><div class=\"fusion-video fusion-youtube\" style=\"--awb-max-width:600px;--awb-max-height:360px;\"><div class=\"video-shortcode\"><lite-youtube videoid=\"EUaX4cijxwI\" class=\"landscape\" params=\"wmode=transparent&autoplay=1&amp;controls=0&amp;enablejsapi=1\" title=\"YouTube video player 1\" data-button-label=\"Play Video\" width=\"600\" height=\"360\" data-thumbnail-size=\"auto\" data-no-cookie=\"off\"><\/lite-youtube><\/div><\/div><\/div><\/div><div class=\"fusion-layout-column fusion_builder_column fusion-builder-column-2 fusion_builder_column_1_2 1_2 fusion-flex-column\" style=\"--awb-bg-size:cover;--awb-width-large:50%;--awb-margin-top-large:20px;--awb-spacing-right-large:3.84%;--awb-margin-bottom-large:20px;--awb-spacing-left-large:3.84%;--awb-width-medium:100%;--awb-order-medium:0;--awb-spacing-right-medium:1.92%;--awb-spacing-left-medium:1.92%;--awb-width-small:100%;--awb-order-small:0;--awb-spacing-right-small:1.92%;--awb-spacing-left-small:1.92%;\"><div class=\"fusion-column-wrapper fusion-column-has-shadow fusion-flex-justify-content-flex-start fusion-content-layout-column\"><div class=\"fusion-video fusion-youtube\" style=\"--awb-max-width:600px;--awb-max-height:360px;\"><div class=\"video-shortcode\"><lite-youtube videoid=\"2rQS0lPYvO4\" class=\"landscape\" params=\"wmode=transparent&autoplay=1&amp;controls=0&amp;enablejsapi=1\" title=\"YouTube video player 2\" data-button-label=\"Play Video\" width=\"600\" height=\"360\" data-thumbnail-size=\"auto\" data-no-cookie=\"on\"><\/lite-youtube><\/div><\/div><\/div><\/div><div class=\"fusion-layout-column fusion_builder_column fusion-builder-column-3 fusion_builder_column_1_2 1_2 fusion-flex-column\" style=\"--awb-bg-size:cover;--awb-width-large:50%;--awb-margin-top-large:20px;--awb-spacing-right-large:3.84%;--awb-margin-bottom-large:20px;--awb-spacing-left-large:3.84%;--awb-width-medium:100%;--awb-order-medium:0;--awb-spacing-right-medium:1.92%;--awb-spacing-left-medium:1.92%;--awb-width-small:100%;--awb-order-small:0;--awb-spacing-right-small:1.92%;--awb-spacing-left-small:1.92%;\"><div class=\"fusion-column-wrapper fusion-column-has-shadow fusion-flex-justify-content-flex-start fusion-content-layout-column\"><div class=\"fusion-video fusion-youtube\" style=\"--awb-max-width:600px;--awb-max-height:360px;\"><div class=\"video-shortcode\"><lite-youtube videoid=\"VHG-X6J-Uzg\" class=\"landscape\" params=\"wmode=transparent&autoplay=1&amp;controls=0&amp;enablejsapi=1\" title=\"YouTube video player 3\" data-button-label=\"Play Video\" width=\"600\" height=\"360\" data-thumbnail-size=\"auto\" data-no-cookie=\"on\"><\/lite-youtube><\/div><\/div><\/div><\/div><div class=\"fusion-layout-column fusion_builder_column fusion-builder-column-4 fusion_builder_column_1_2 1_2 fusion-flex-column\" style=\"--awb-bg-size:cover;--awb-width-large:50%;--awb-margin-top-large:20px;--awb-spacing-right-large:3.84%;--awb-margin-bottom-large:20px;--awb-spacing-left-large:3.84%;--awb-width-medium:100%;--awb-order-medium:0;--awb-spacing-right-medium:1.92%;--awb-spacing-left-medium:1.92%;--awb-width-small:100%;--awb-order-small:0;--awb-spacing-right-small:1.92%;--awb-spacing-left-small:1.92%;\"><div class=\"fusion-column-wrapper fusion-column-has-shadow fusion-flex-justify-content-flex-start fusion-content-layout-column\"><div class=\"fusion-video fusion-youtube\" style=\"--awb-max-width:600px;--awb-max-height:360px;\"><div class=\"video-shortcode\"><lite-youtube videoid=\"hXgN-TNARYo\" class=\"landscape\" params=\"wmode=transparent&autoplay=1&amp;controls=0&amp;enablejsapi=1\" title=\"YouTube video player 4\" data-button-label=\"Play Video\" width=\"600\" height=\"360\" data-thumbnail-size=\"auto\" data-no-cookie=\"on\"><\/lite-youtube><\/div><\/div><\/div><\/div><\/div><\/div><div class=\"fusion-fullwidth fullwidth-box fusion-builder-row-2 fusion-flex-container has-pattern-background has-mask-background nonhundred-percent-fullwidth non-hundred-percent-height-scrolling\" style=\"--awb-border-radius-top-left:0px;--awb-border-radius-top-right:0px;--awb-border-radius-bottom-right:0px;--awb-border-radius-bottom-left:0px;--awb-flex-wrap:wrap;\" ><div class=\"fusion-builder-row fusion-row fusion-flex-align-items-flex-start fusion-flex-content-wrap\" style=\"max-width:1216.8px;margin-left: calc(-4% \/ 2 );margin-right: calc(-4% \/ 2 );\"><div class=\"fusion-layout-column fusion_builder_column fusion-builder-column-5 fusion_builder_column_1_1 1_1 fusion-flex-column\" style=\"--awb-bg-size:cover;--awb-width-large:100%;--awb-margin-top-large:40px;--awb-spacing-right-large:1.92%;--awb-margin-bottom-large:20px;--awb-spacing-left-large:1.92%;--awb-width-medium:100%;--awb-order-medium:0;--awb-spacing-right-medium:1.92%;--awb-spacing-left-medium:1.92%;--awb-width-small:100%;--awb-order-small:0;--awb-spacing-right-small:1.92%;--awb-spacing-left-small:1.92%;\"><div class=\"fusion-column-wrapper fusion-column-has-shadow fusion-flex-justify-content-flex-start fusion-content-layout-column\"><a class=\"awb-lightbox awb-lightbox-1\" href=\"https:\/\/www.youtube.com\/watch?v=kceJyDsLHiQ\" data-rel=\"iLightbox\"><img class=\"lazyload\" decoding=\"async\" title=\"inkvk-kamp-9-video-bg\" width=\"1232\" height=\"431\" src=\"data:image\/svg+xml,%3Csvg%20xmlns%3D%27http%3A%2F%2Fwww.w3.org%2F2000%2Fsvg%27%20width%3D%271232%27%20height%3D%27431%27%20viewBox%3D%270%200%201232%20431%27%3E%3Crect%20width%3D%271232%27%20height%3D%27431%27%20fill-opacity%3D%220%22%2F%3E%3C%2Fsvg%3E\" data-orig-src=\"https:\/\/inovasyondakadin.org\/wp-content\/uploads\/2026\/01\/inkvk-kamp-9-video-bg.webp\"><\/a><\/div><\/div><\/div><\/div><\/p>\n","protected":false},"excerpt":{"rendered":"","protected":false},"author":1,"featured_media":0,"parent":0,"menu_order":0,"comment_status":"closed","ping_status":"closed","template":"","meta":{"_acf_changed":false,"footnotes":""},"mentor-konusmaci":[],"class_list":["post-7569","page","type-page","status-publish","hentry"],"acf":[],"yoast_head":"<!-- This site is optimized with the Yoast SEO plugin v27.4 - https:\/\/yoast.com\/product\/yoast-seo-wordpress\/ -->\n<title>5th Entrepreneurship Bootcamp - 2020 - \u0130novasyonda Kad\u0131n<\/title>\n<meta name=\"robots\" content=\"index, follow, max-snippet:-1, max-image-preview:large, max-video-preview:-1\" \/>\n<link rel=\"canonical\" href=\"https:\/\/inovasyondakadin.org\/en\/5-entrepreneurship-bootcamp\/\" \/>\n<meta property=\"og:locale\" content=\"en_US\" \/>\n<meta property=\"og:type\" content=\"article\" \/>\n<meta property=\"og:title\" content=\"5th Entrepreneurship Bootcamp - 2020 - \u0130novasyonda Kad\u0131n\" \/>\n<meta property=\"og:url\" content=\"https:\/\/inovasyondakadin.org\/en\/5-entrepreneurship-bootcamp\/\" \/>\n<meta property=\"og:site_name\" content=\"\u0130novasyonda Kad\u0131n\" \/>\n<meta property=\"article:publisher\" content=\"https:\/\/www.facebook.com\/Kademorgtr\/\" \/>\n<meta property=\"article:modified_time\" content=\"2026-01-27T04:49:46+00:00\" \/>\n<meta property=\"og:image\" content=\"https:\/\/inovasyondakadin.org\/wp-content\/uploads\/revslider\/video-media\/SliderVideoBG_1_layer.jpeg\" \/>\n\t<meta property=\"og:image:width\" content=\"1364\" \/>\n\t<meta property=\"og:image:height\" content=\"768\" \/>\n\t<meta property=\"og:image:type\" content=\"image\/jpeg\" \/>\n<meta name=\"twitter:card\" content=\"summary_large_image\" \/>\n<meta name=\"twitter:site\" content=\"@kademorgtr\" \/>\n<meta name=\"twitter:label1\" content=\"Est. reading time\" \/>\n\t<meta name=\"twitter:data1\" content=\"1 minute\" \/>\n<script type=\"application\/ld+json\" class=\"yoast-schema-graph\">{\"@context\":\"https:\\\/\\\/schema.org\",\"@graph\":[{\"@type\":\"WebPage\",\"@id\":\"https:\\\/\\\/inovasyondakadin.org\\\/en\\\/5-entrepreneurship-bootcamp\\\/\",\"url\":\"https:\\\/\\\/inovasyondakadin.org\\\/en\\\/5-entrepreneurship-bootcamp\\\/\",\"name\":\"5th Entrepreneurship Bootcamp - 2020 - \u0130novasyonda Kad\u0131n\",\"isPartOf\":{\"@id\":\"https:\\\/\\\/inovasyondakadin.org\\\/en\\\/#website\"},\"datePublished\":\"2025-12-07T18:08:19+00:00\",\"dateModified\":\"2026-01-27T04:49:46+00:00\",\"breadcrumb\":{\"@id\":\"https:\\\/\\\/inovasyondakadin.org\\\/en\\\/5-entrepreneurship-bootcamp\\\/#breadcrumb\"},\"inLanguage\":\"en-US\",\"potentialAction\":[{\"@type\":\"ReadAction\",\"target\":[\"https:\\\/\\\/inovasyondakadin.org\\\/en\\\/5-entrepreneurship-bootcamp\\\/\"]}]},{\"@type\":\"BreadcrumbList\",\"@id\":\"https:\\\/\\\/inovasyondakadin.org\\\/en\\\/5-entrepreneurship-bootcamp\\\/#breadcrumb\",\"itemListElement\":[{\"@type\":\"ListItem\",\"position\":1,\"name\":\"Anasayfa\",\"item\":\"https:\\\/\\\/inovasyondakadin.org\\\/en\\\/\"},{\"@type\":\"ListItem\",\"position\":2,\"name\":\"5th Entrepreneurship Bootcamp &#8211; 2020\"}]},{\"@type\":\"WebSite\",\"@id\":\"https:\\\/\\\/inovasyondakadin.org\\\/en\\\/#website\",\"url\":\"https:\\\/\\\/inovasyondakadin.org\\\/en\\\/\",\"name\":\"\u0130novasyonda Kad\u0131n\",\"description\":\"Gelecek Kad\u0131n\u0131n G&uuml;c&uuml;yle \u015eekilleniyor\",\"publisher\":{\"@id\":\"https:\\\/\\\/inovasyondakadin.org\\\/en\\\/#organization\"},\"potentialAction\":[{\"@type\":\"SearchAction\",\"target\":{\"@type\":\"EntryPoint\",\"urlTemplate\":\"https:\\\/\\\/inovasyondakadin.org\\\/en\\\/?s={search_term_string}\"},\"query-input\":{\"@type\":\"PropertyValueSpecification\",\"valueRequired\":true,\"valueName\":\"search_term_string\"}}],\"inLanguage\":\"en-US\"},{\"@type\":\"Organization\",\"@id\":\"https:\\\/\\\/inovasyondakadin.org\\\/en\\\/#organization\",\"name\":\"KADIN VE DEMOKRAS\u0130 DERNE\u011e\u0130\",\"alternateName\":\"KADEM\",\"url\":\"https:\\\/\\\/inovasyondakadin.org\\\/en\\\/\",\"logo\":{\"@type\":\"ImageObject\",\"inLanguage\":\"en-US\",\"@id\":\"https:\\\/\\\/inovasyondakadin.org\\\/en\\\/#\\\/schema\\\/logo\\\/image\\\/\",\"url\":\"https:\\\/\\\/inovasyondakadin.org\\\/wp-content\\\/uploads\\\/2025\\\/12\\\/7yhN-V2P_400x400.jpg\",\"contentUrl\":\"https:\\\/\\\/inovasyondakadin.org\\\/wp-content\\\/uploads\\\/2025\\\/12\\\/7yhN-V2P_400x400.jpg\",\"width\":400,\"height\":400,\"caption\":\"KADIN VE DEMOKRAS\u0130 DERNE\u011e\u0130\"},\"image\":{\"@id\":\"https:\\\/\\\/inovasyondakadin.org\\\/en\\\/#\\\/schema\\\/logo\\\/image\\\/\"},\"sameAs\":[\"https:\\\/\\\/www.facebook.com\\\/Kademorgtr\\\/\",\"https:\\\/\\\/x.com\\\/kademorgtr\"]}]}<\/script>\n<!-- \/ Yoast SEO plugin. -->","yoast_head_json":{"title":"5th Entrepreneurship Bootcamp - 2020 - \u0130novasyonda Kad\u0131n","robots":{"index":"index","follow":"follow","max-snippet":"max-snippet:-1","max-image-preview":"max-image-preview:large","max-video-preview":"max-video-preview:-1"},"canonical":"https:\/\/inovasyondakadin.org\/en\/5-entrepreneurship-bootcamp\/","og_locale":"en_US","og_type":"article","og_title":"5th Entrepreneurship Bootcamp - 2020 - \u0130novasyonda Kad\u0131n","og_url":"https:\/\/inovasyondakadin.org\/en\/5-entrepreneurship-bootcamp\/","og_site_name":"\u0130novasyonda Kad\u0131n","article_publisher":"https:\/\/www.facebook.com\/Kademorgtr\/","article_modified_time":"2026-01-27T04:49:46+00:00","og_image":[{"width":1364,"height":768,"url":"https:\/\/inovasyondakadin.org\/wp-content\/uploads\/revslider\/video-media\/SliderVideoBG_1_layer.jpeg","type":"image\/jpeg"}],"twitter_card":"summary_large_image","twitter_site":"@kademorgtr","twitter_misc":{"Est. reading time":"1 minute"},"schema":{"@context":"https:\/\/schema.org","@graph":[{"@type":"WebPage","@id":"https:\/\/inovasyondakadin.org\/en\/5-entrepreneurship-bootcamp\/","url":"https:\/\/inovasyondakadin.org\/en\/5-entrepreneurship-bootcamp\/","name":"5th Entrepreneurship Bootcamp - 2020 - \u0130novasyonda Kad\u0131n","isPartOf":{"@id":"https:\/\/inovasyondakadin.org\/en\/#website"},"datePublished":"2025-12-07T18:08:19+00:00","dateModified":"2026-01-27T04:49:46+00:00","breadcrumb":{"@id":"https:\/\/inovasyondakadin.org\/en\/5-entrepreneurship-bootcamp\/#breadcrumb"},"inLanguage":"en-US","potentialAction":[{"@type":"ReadAction","target":["https:\/\/inovasyondakadin.org\/en\/5-entrepreneurship-bootcamp\/"]}]},{"@type":"BreadcrumbList","@id":"https:\/\/inovasyondakadin.org\/en\/5-entrepreneurship-bootcamp\/#breadcrumb","itemListElement":[{"@type":"ListItem","position":1,"name":"Anasayfa","item":"https:\/\/inovasyondakadin.org\/en\/"},{"@type":"ListItem","position":2,"name":"5th Entrepreneurship Bootcamp &#8211; 2020"}]},{"@type":"WebSite","@id":"https:\/\/inovasyondakadin.org\/en\/#website","url":"https:\/\/inovasyondakadin.org\/en\/","name":"\u0130novasyonda Kad\u0131n","description":"Gelecek Kad\u0131n\u0131n G&uuml;c&uuml;yle \u015eekilleniyor","publisher":{"@id":"https:\/\/inovasyondakadin.org\/en\/#organization"},"potentialAction":[{"@type":"SearchAction","target":{"@type":"EntryPoint","urlTemplate":"https:\/\/inovasyondakadin.org\/en\/?s={search_term_string}"},"query-input":{"@type":"PropertyValueSpecification","valueRequired":true,"valueName":"search_term_string"}}],"inLanguage":"en-US"},{"@type":"Organization","@id":"https:\/\/inovasyondakadin.org\/en\/#organization","name":"KADIN VE DEMOKRAS\u0130 DERNE\u011e\u0130","alternateName":"KADEM","url":"https:\/\/inovasyondakadin.org\/en\/","logo":{"@type":"ImageObject","inLanguage":"en-US","@id":"https:\/\/inovasyondakadin.org\/en\/#\/schema\/logo\/image\/","url":"https:\/\/inovasyondakadin.org\/wp-content\/uploads\/2025\/12\/7yhN-V2P_400x400.jpg","contentUrl":"https:\/\/inovasyondakadin.org\/wp-content\/uploads\/2025\/12\/7yhN-V2P_400x400.jpg","width":400,"height":400,"caption":"KADIN VE DEMOKRAS\u0130 DERNE\u011e\u0130"},"image":{"@id":"https:\/\/inovasyondakadin.org\/en\/#\/schema\/logo\/image\/"},"sameAs":["https:\/\/www.facebook.com\/Kademorgtr\/","https:\/\/x.com\/kademorgtr"]}]}},"_links":{"self":[{"href":"https:\/\/inovasyondakadin.org\/en\/wp-json\/wp\/v2\/pages\/7569","targetHints":{"allow":["GET"]}}],"collection":[{"href":"https:\/\/inovasyondakadin.org\/en\/wp-json\/wp\/v2\/pages"}],"about":[{"href":"https:\/\/inovasyondakadin.org\/en\/wp-json\/wp\/v2\/types\/page"}],"author":[{"embeddable":true,"href":"https:\/\/inovasyondakadin.org\/en\/wp-json\/wp\/v2\/users\/1"}],"replies":[{"embeddable":true,"href":"https:\/\/inovasyondakadin.org\/en\/wp-json\/wp\/v2\/comments?post=7569"}],"version-history":[{"count":5,"href":"https:\/\/inovasyondakadin.org\/en\/wp-json\/wp\/v2\/pages\/7569\/revisions"}],"predecessor-version":[{"id":8504,"href":"https:\/\/inovasyondakadin.org\/en\/wp-json\/wp\/v2\/pages\/7569\/revisions\/8504"}],"wp:attachment":[{"href":"https:\/\/inovasyondakadin.org\/en\/wp-json\/wp\/v2\/media?parent=7569"}],"wp:term":[{"taxonomy":"mentor-konusmaci","embeddable":true,"href":"https:\/\/inovasyondakadin.org\/en\/wp-json\/wp\/v2\/mentor-konusmaci?post=7569"}],"curies":[{"name":"wp","href":"https:\/\/api.w.org\/{rel}","templated":true}]}}