{"id":7568,"date":"2025-12-07T21:08:33","date_gmt":"2025-12-07T18:08:33","guid":{"rendered":"https:\/\/inovasyondakadin.org\/6-girisimcilik-kampi\/"},"modified":"2026-01-12T07:19:02","modified_gmt":"2026-01-12T04:19:02","slug":"6-entrepreneurship-bootcamp","status":"publish","type":"page","link":"https:\/\/inovasyondakadin.org\/en\/6-entrepreneurship-bootcamp\/","title":{"rendered":"6th Entrepreneurship Bootcamp &#8211; 2021"},"content":{"rendered":"<div class=\"fusion-fullwidth fullwidth-box fusion-builder-row-1 fusion-flex-container has-pattern-background has-mask-background nonhundred-percent-fullwidth non-hundred-percent-height-scrolling\" style=\"--awb-border-radius-top-left:0px;--awb-border-radius-top-right:0px;--awb-border-radius-bottom-right:0px;--awb-border-radius-bottom-left:0px;--awb-flex-wrap:wrap;\" ><div class=\"fusion-builder-row fusion-row fusion-flex-align-items-flex-start fusion-flex-content-wrap\" style=\"max-width:1216.8px;margin-left: calc(-4% \/ 2 );margin-right: calc(-4% \/ 2 );\"><div class=\"fusion-layout-column fusion_builder_column fusion-builder-column-0 fusion_builder_column_1_1 1_1 fusion-flex-column\" style=\"--awb-bg-size:cover;--awb-width-large:100%;--awb-margin-top-large:20px;--awb-spacing-right-large:1.92%;--awb-margin-bottom-large:20px;--awb-spacing-left-large:1.92%;--awb-width-medium:100%;--awb-order-medium:0;--awb-spacing-right-medium:1.92%;--awb-spacing-left-medium:1.92%;--awb-width-small:100%;--awb-order-small:0;--awb-spacing-right-small:1.92%;--awb-spacing-left-small:1.92%;\"><div class=\"fusion-column-wrapper fusion-column-has-shadow fusion-flex-justify-content-flex-start fusion-content-layout-column\"><div class=\"fusion-text fusion-text-1\"><p>The Women in Innovation Project, organized to boost women&#8217;s entrepreneurial courage and support them in transforming their projects into ventures with high employment potential, is waiting for new women entrepreneurs.<\/p>\n<p>The Women in Innovation Project, organized in collaboration with KADEM, T\u00dcB\u0130TAK Marmara Teknokent, Bili\u015fim Vadisi, and KOSGEB, will take place this year between October 11 and 17.<\/p>\n<p>At the end of the initial application process, 30 women entrepreneurs who are selected by the jury will be eligible to participate in the camp and will undergo 7 days of training. Female entrepreneurs will receive training on many topics, including Entrepreneurship and the Start-Up Ecosystem, Start-Up Analysis and Technological Maturity, Leadership in Entrepreneurship, SWOT Analysis of Business Ideas, Business Law, and Mentoring.<\/p>\n<p>At the end of the training camp, the five successful project owners who make it to the finals based on the jury&#8217;s evaluations will receive a cash prize of 50,000 TL (provided they receive support from national and international support programs within one year).<\/p>\n<p>We invite women entrepreneurs from all corners of the country to participate in this extraordinary project, which is rare in Turkey.<\/p>\n<p>NTV, Kanal 7 Media Group, and Sabah Newspaper are supporting our 6th Women&#8217;s Entrepreneurship Camp in Innovation as media sponsors.<\/p>\n<\/div><\/div><\/div><div class=\"fusion-layout-column fusion_builder_column fusion-builder-column-1 fusion_builder_column_1_3 1_3 fusion-flex-column\" style=\"--awb-bg-size:cover;--awb-width-large:33.333333333333%;--awb-margin-top-large:20px;--awb-spacing-right-large:5.76%;--awb-margin-bottom-large:20px;--awb-spacing-left-large:5.76%;--awb-width-medium:100%;--awb-order-medium:0;--awb-spacing-right-medium:1.92%;--awb-spacing-left-medium:1.92%;--awb-width-small:100%;--awb-order-small:0;--awb-spacing-right-small:1.92%;--awb-spacing-left-small:1.92%;\"><div class=\"fusion-column-wrapper fusion-column-has-shadow fusion-flex-justify-content-flex-start fusion-content-layout-column\"><div class=\"fusion-modal modal fade modal-1 girisimcilikkampi has-light-close\" tabindex=\"-1\" role=\"dialog\" aria-labelledby=\"modal-heading-1\" aria-hidden=\"true\" style=\"--awb-border-color:var(--awb-custom_color_6);--awb-background:var(--awb-custom_color_3);\"><div class=\"modal-dialog modal-lg\" role=\"document\"><div class=\"modal-content fusion-modal-content\"><div class=\"modal-header\"><button class=\"close\" type=\"button\" data-dismiss=\"modal\" aria-hidden=\"true\" aria-label=\"Close\">&times;<\/button><h3 class=\"modal-title\" id=\"modal-heading-1\" data-dismiss=\"modal\" aria-hidden=\"true\">What is an Entrepreneurship Camp?<\/h3><\/div><div class=\"modal-body fusion-clearfix\">\n<div class=\"col-lg-12 col-md-12 col-sm-12 col-xs-12 c-content\">\n<p>The Women in Innovation Project Entrepreneurship Camp aims to enhance women&#8217;s entrepreneurial skills and enable them to transform technology and innovation-focused business ideas into qualified employment opportunities. All women entrepreneurs who say, \u2018I have an idea,\u2019 are invited to the Women in Innovation Entrepreneurship Camp.<\/p>\n<p>Applications for the Women in Innovation Project Entrepreneurship Camp are made via the inovasyondakadin.org website. Thirty women entrepreneurs who are selected to participate in the camp by a panel of judges are announced on the website and invited to the camp. A platform is created for entrepreneurs on the path from idea to plan and from plan to venture, where academics provide training and experience sharing in the fields of entrepreneurship, marketing, and commercialisation over the course of a week. During the camp, participants also gain experience on how to develop their ideas and find their place in the sector. Experienced entrepreneurs who have been successful in their sectors share their experiences. At the end of the entrepreneurship camp, the five most successful projects are announced on the final day.<\/p>\n<\/div>\n<\/div><div class=\"modal-footer\"><button class=\"fusion-button button-default button-medium button default medium\" type=\"button\" data-dismiss=\"modal\">Close<\/button><\/div><\/div><\/div><\/div><a class=\"fusion-modal-text-link\" data-toggle=\"modal\" data-target=\".fusion-modal.girisimcilikkampi\" href=\"#\"><span class=\"fusion-imageframe imageframe-none imageframe-1 hover-type-zoomin fusion-animated\" style=\"visibility: visible; animation-duration: 0.3s;\" data-animationtype=\"slideInUp\" data-animationduration=\"0.3\" data-animationoffset=\"100%\"><img decoding=\"async\" class=\"lazyload img-responsive wp-image-6572\" title=\"KADEM_inovasyonda_kadin_website_basliklar-01\" src=\"\/wp-content\/uploads\/2025\/12\/KADEM_inovasyonda_kadin_website_basliklar-01.webp\" data-orig-src=\"\/wp-content\/uploads\/2025\/12\/KADEM_inovasyonda_kadin_website_basliklar-01.webp\" data-sizes=\"auto\" data-orig-sizes=\"(max-width: 640px) 100vw, 400px\" srcset=\"data:image\/svg+xml,%3Csvg%20xmlns%3D%27http%3A%2F%2Fwww.w3.org%2F2000%2Fsvg%27%20width%3D%27501%27%20height%3D%27410%27%20viewBox%3D%270%200%20501%20410%27%3E%3Crect%20width%3D%27501%27%20height%3D%27410%27%20fill-opacity%3D%220%22%2F%3E%3C%2Fsvg%3E\" data-srcset=\"\/wp-content\/uploads\/2025\/12\/KADEM_inovasyonda_kadin_website_basliklar-01-200x164.webp 200w, \/wp-content\/uploads\/2025\/12\/KADEM_inovasyonda_kadin_website_basliklar-01-400x327.webp 400w, \/wp-content\/uploads\/2025\/12\/KADEM_inovasyonda_kadin_website_basliklar-01.webp 501w\" width=\"501\" height=\"410\" \/><\/span><\/a><div class=\"fusion-title title fusion-title-1 fusion-sep-none fusion-title-center fusion-title-text fusion-title-size-three\" style=\"--awb-margin-top-small:20px;--awb-margin-right-small:0px;--awb-margin-bottom-small:20px;--awb-margin-left-small:0px;\"><h3 class=\"fusion-title-heading title-heading-center fusion-responsive-typography-calculated\" style=\"margin:0;--fontSize:24.48;--minFontSize:24.48;line-height:var(--awb-typography2-line-height);\">Entrepreneurship Camp<\/h3><\/div><\/div><\/div><div class=\"fusion-layout-column fusion_builder_column fusion-builder-column-2 fusion_builder_column_1_3 1_3 fusion-flex-column\" style=\"--awb-bg-size:cover;--awb-width-large:33.333333333333%;--awb-margin-top-large:20px;--awb-spacing-right-large:5.76%;--awb-margin-bottom-large:20px;--awb-spacing-left-large:5.76%;--awb-width-medium:100%;--awb-order-medium:0;--awb-spacing-right-medium:1.92%;--awb-spacing-left-medium:1.92%;--awb-width-small:100%;--awb-order-small:0;--awb-spacing-right-small:1.92%;--awb-spacing-left-small:1.92%;\"><div class=\"fusion-column-wrapper fusion-column-has-shadow fusion-flex-justify-content-flex-start fusion-content-layout-column\"><div class=\"fusion-modal modal fade modal-2 projedestekleri has-light-close\" tabindex=\"-1\" role=\"dialog\" aria-labelledby=\"modal-heading-2\" aria-hidden=\"true\" style=\"--awb-border-color:var(--awb-custom_color_6);--awb-background:var(--awb-custom_color_3);\"><div class=\"modal-dialog modal-lg\" role=\"document\"><div class=\"modal-content fusion-modal-content\"><div class=\"modal-header\"><button class=\"close\" type=\"button\" data-dismiss=\"modal\" aria-hidden=\"true\" aria-label=\"Close\">&times;<\/button><h3 class=\"modal-title\" id=\"modal-heading-2\" data-dismiss=\"modal\" aria-hidden=\"true\">Project Supports<\/h3><\/div><div class=\"modal-body fusion-clearfix\">\n<div class=\"col-lg-12 col-md-12 col-sm-12 col-xs-12 c-content\">\n<p>The Women in Innovation Project Entrepreneurship Camp aims to enhance women&#8217;s entrepreneurial skills and enable them to transform technology and innovation-focused business ideas into qualified employment opportunities. All women entrepreneurs who say, \u201cI have an idea,\u201d are invited to the Women in Innovation Entrepreneurship Camp.<\/p>\n<p>Applications for the Women in Innovation Project Entrepreneurship Camp are made through the inovasyondakadin.org website. Thirty women entrepreneurs who are selected to participate in the camp by a panel of judges are announced on the website and invited to the camp. A platform is created for entrepreneurs on the path from idea to plan and from plan to venture, where academics provide training and experience sharing in the areas of entrepreneurship, marketing, and commercialization over the course of a week. Participants also gain experience on how to develop their ideas and find their place in the industry during the camp. Experience sharing sessions are conducted by successful entrepreneurs in their respective fields. At the end of the entrepreneurship camp, the five most successful projects are announced on the final day.<\/p>\n<\/div>\n<\/div><div class=\"modal-footer\"><button class=\"fusion-button button-default button-medium button default medium\" type=\"button\" data-dismiss=\"modal\">Close<\/button><\/div><\/div><\/div><\/div><a class=\"fusion-modal-text-link\" data-toggle=\"modal\" data-target=\".fusion-modal.projedestekleri\" href=\"#\"><span class=\"fusion-imageframe imageframe-none imageframe-1 hover-type-zoomin fusion-animated\" style=\"visibility: visible; animation-duration: 0.3s;\" data-animationtype=\"slideInUp\" data-animationduration=\"0.3\" data-animationoffset=\"100%\"><img decoding=\"async\" class=\"lazyload img-responsive wp-image-6574\" title=\"KADEM_inovasyonda_kadin_website_basliklar-02\" src=\"\/wp-content\/uploads\/2025\/12\/KADEM_inovasyonda_kadin_website_basliklar-02.webp\" data-orig-src=\"\/wp-content\/uploads\/2025\/12\/KADEM_inovasyonda_kadin_website_basliklar-02.webp\" data-sizes=\"auto\" data-orig-sizes=\"(max-width: 640px) 100vw, 400px\" srcset=\"data:image\/svg+xml,%3Csvg%20xmlns%3D%27http%3A%2F%2Fwww.w3.org%2F2000%2Fsvg%27%20width%3D%27501%27%20height%3D%27410%27%20viewBox%3D%270%200%20501%20410%27%3E%3Crect%20width%3D%27501%27%20height%3D%27410%27%20fill-opacity%3D%220%22%2F%3E%3C%2Fsvg%3E\" data-srcset=\"\/wp-content\/uploads\/2025\/12\/KADEM_inovasyonda_kadin_website_basliklar-02-200x164.webp 200w, \/wp-content\/uploads\/2025\/12\/KADEM_inovasyonda_kadin_website_basliklar-02-400x327.webp 400w, \/wp-content\/uploads\/2025\/12\/KADEM_inovasyonda_kadin_website_basliklar-02.webp 501w\" width=\"501\" height=\"410\" \/><\/span><\/a><div class=\"fusion-title title fusion-title-2 fusion-sep-none fusion-title-center fusion-title-text fusion-title-size-three\" style=\"--awb-margin-top-small:20px;--awb-margin-right-small:0px;--awb-margin-bottom-small:20px;--awb-margin-left-small:0px;\"><h3 class=\"fusion-title-heading title-heading-center fusion-responsive-typography-calculated\" style=\"margin:0;--fontSize:24.48;--minFontSize:24.48;line-height:var(--awb-typography2-line-height);\">Project Supports<\/h3><\/div><\/div><\/div><div class=\"fusion-layout-column fusion_builder_column fusion-builder-column-3 fusion_builder_column_1_3 1_3 fusion-flex-column\" style=\"--awb-bg-size:cover;--awb-width-large:33.333333333333%;--awb-margin-top-large:20px;--awb-spacing-right-large:5.76%;--awb-margin-bottom-large:20px;--awb-spacing-left-large:5.76%;--awb-width-medium:100%;--awb-order-medium:0;--awb-spacing-right-medium:1.92%;--awb-spacing-left-medium:1.92%;--awb-width-small:100%;--awb-order-small:0;--awb-spacing-right-small:1.92%;--awb-spacing-left-small:1.92%;\"><div class=\"fusion-column-wrapper fusion-column-has-shadow fusion-flex-justify-content-flex-start fusion-content-layout-column\"><div class=\"fusion-modal modal fade modal-3 egitimbasliklari has-light-close\" tabindex=\"-1\" role=\"dialog\" aria-labelledby=\"modal-heading-3\" aria-hidden=\"true\" style=\"--awb-border-color:var(--awb-custom_color_6);--awb-background:var(--awb-custom_color_3);\"><div class=\"modal-dialog modal-lg\" role=\"document\"><div class=\"modal-content fusion-modal-content\"><div class=\"modal-header\"><button class=\"close\" type=\"button\" data-dismiss=\"modal\" aria-hidden=\"true\" aria-label=\"Close\">&times;<\/button><h3 class=\"modal-title\" id=\"modal-heading-3\" data-dismiss=\"modal\" aria-hidden=\"true\">Training Topics<\/h3><\/div><div class=\"modal-body fusion-clearfix\">\n<p>The main training topics for the 6th Women&#8217;s Entrepreneurship in Innovation Camp, organized in collaboration with <strong>KADEM, T\u00dcB\u0130TAK MARMARA TEKNOKENT, Bili\u015fim Vadisi, and KOSGEB<\/strong>, are listed below:<\/p>\n<ul>\n<li>Entrepreneurship and Start-Up Ecosystem: Start-Up Analysis and Technological Maturity<\/li>\n<li>Project Cycle: Project Writing and Management Processes<\/li>\n<li>Financial Management: Cost Analysis, Financial Statements<\/li>\n<li>Business Plan in Entrepreneurship: Business Plan Preparation, Development, and Canvas Business Model<\/li>\n<li>Strategies to be Applied in the Branding Process: Company Development and the Importance of Branding<\/li>\n<li>Business and Commercial Law: Intellectual Property Rights, Patent and Trademark Registration<\/li>\n<li>Marketing: Marketing Principles-Management, Value Proposition Creation-<\/li>\n<li>Communication: Effective Presentation Techniques<\/li>\n<\/ul>\n<\/div><div class=\"modal-footer\"><button class=\"fusion-button button-default button-medium button default medium\" type=\"button\" data-dismiss=\"modal\">Close<\/button><\/div><\/div><\/div><\/div><a class=\"fusion-modal-text-link\" data-toggle=\"modal\" data-target=\".fusion-modal.egitimbasliklari\" href=\"#\"><span class=\"fusion-imageframe imageframe-none imageframe-1 hover-type-zoomin fusion-animated\" style=\"visibility: visible; animation-duration: 0.3s;\" data-animationtype=\"slideInUp\" data-animationduration=\"0.3\" data-animationoffset=\"100%\"><img decoding=\"async\" class=\"lazyload img-responsive wp-image-6576\" title=\"KADEM_inovasyonda_kadin_website_basliklar-03\" src=\"\/wp-content\/uploads\/2025\/12\/KADEM_inovasyonda_kadin_website_basliklar-03.webp\" data-orig-src=\"\/wp-content\/uploads\/2025\/12\/KADEM_inovasyonda_kadin_website_basliklar-03.webp\" data-sizes=\"auto\" data-orig-sizes=\"(max-width: 640px) 100vw, 400px\" srcset=\"data:image\/svg+xml,%3Csvg%20xmlns%3D%27http%3A%2F%2Fwww.w3.org%2F2000%2Fsvg%27%20width%3D%27501%27%20height%3D%27410%27%20viewBox%3D%270%200%20501%20410%27%3E%3Crect%20width%3D%27501%27%20height%3D%27410%27%20fill-opacity%3D%220%22%2F%3E%3C%2Fsvg%3E\" data-srcset=\"\/wp-content\/uploads\/2025\/12\/KADEM_inovasyonda_kadin_website_basliklar-03-200x164.webp 200w, \/wp-content\/uploads\/2025\/12\/KADEM_inovasyonda_kadin_website_basliklar-03-400x327.webp 400w, \/wp-content\/uploads\/2025\/12\/KADEM_inovasyonda_kadin_website_basliklar-03.webp 501w\" width=\"501\" height=\"410\" \/><\/span><\/a><div class=\"fusion-title title fusion-title-3 fusion-sep-none fusion-title-center fusion-title-text fusion-title-size-three\" style=\"--awb-margin-top-small:20px;--awb-margin-right-small:0px;--awb-margin-bottom-small:20px;--awb-margin-left-small:0px;\"><h3 class=\"fusion-title-heading title-heading-center fusion-responsive-typography-calculated\" style=\"margin:0;--fontSize:24.48;--minFontSize:24.48;line-height:var(--awb-typography2-line-height);\">Training Topics<\/h3><\/div><\/div><\/div><\/div><\/div>\n","protected":false},"excerpt":{"rendered":"","protected":false},"author":1,"featured_media":0,"parent":0,"menu_order":0,"comment_status":"closed","ping_status":"closed","template":"","meta":{"_acf_changed":false,"footnotes":""},"mentor-konusmaci":[],"class_list":["post-7568","page","type-page","status-publish","hentry"],"acf":[],"yoast_head":"<!-- This site is optimized with the Yoast SEO plugin v27.4 - https:\/\/yoast.com\/product\/yoast-seo-wordpress\/ -->\n<title>6th Entrepreneurship Bootcamp - 2021 - \u0130novasyonda Kad\u0131n<\/title>\n<meta name=\"robots\" content=\"index, follow, max-snippet:-1, max-image-preview:large, max-video-preview:-1\" \/>\n<link rel=\"canonical\" href=\"https:\/\/inovasyondakadin.org\/en\/6-entrepreneurship-bootcamp\/\" \/>\n<meta property=\"og:locale\" content=\"en_US\" \/>\n<meta property=\"og:type\" content=\"article\" \/>\n<meta property=\"og:title\" content=\"6th Entrepreneurship Bootcamp - 2021 - \u0130novasyonda Kad\u0131n\" \/>\n<meta property=\"og:url\" content=\"https:\/\/inovasyondakadin.org\/en\/6-entrepreneurship-bootcamp\/\" \/>\n<meta property=\"og:site_name\" content=\"\u0130novasyonda Kad\u0131n\" \/>\n<meta property=\"article:publisher\" content=\"https:\/\/www.facebook.com\/Kademorgtr\/\" \/>\n<meta property=\"article:modified_time\" content=\"2026-01-12T04:19:02+00:00\" \/>\n<meta property=\"og:image\" content=\"https:\/\/inovasyondakadin.org\/wp-content\/uploads\/revslider\/video-media\/SliderVideoBG_1_layer.jpeg\" \/>\n\t<meta property=\"og:image:width\" content=\"1364\" \/>\n\t<meta property=\"og:image:height\" content=\"768\" \/>\n\t<meta property=\"og:image:type\" content=\"image\/jpeg\" \/>\n<meta name=\"twitter:card\" content=\"summary_large_image\" \/>\n<meta name=\"twitter:site\" content=\"@kademorgtr\" \/>\n<meta name=\"twitter:label1\" content=\"Est. reading time\" \/>\n\t<meta name=\"twitter:data1\" content=\"5 minutes\" \/>\n<script type=\"application\/ld+json\" class=\"yoast-schema-graph\">{\"@context\":\"https:\\\/\\\/schema.org\",\"@graph\":[{\"@type\":\"WebPage\",\"@id\":\"https:\\\/\\\/inovasyondakadin.org\\\/en\\\/6-entrepreneurship-bootcamp\\\/\",\"url\":\"https:\\\/\\\/inovasyondakadin.org\\\/en\\\/6-entrepreneurship-bootcamp\\\/\",\"name\":\"6th Entrepreneurship Bootcamp - 2021 - \u0130novasyonda Kad\u0131n\",\"isPartOf\":{\"@id\":\"https:\\\/\\\/inovasyondakadin.org\\\/en\\\/#website\"},\"datePublished\":\"2025-12-07T18:08:33+00:00\",\"dateModified\":\"2026-01-12T04:19:02+00:00\",\"breadcrumb\":{\"@id\":\"https:\\\/\\\/inovasyondakadin.org\\\/en\\\/6-entrepreneurship-bootcamp\\\/#breadcrumb\"},\"inLanguage\":\"en-US\",\"potentialAction\":[{\"@type\":\"ReadAction\",\"target\":[\"https:\\\/\\\/inovasyondakadin.org\\\/en\\\/6-entrepreneurship-bootcamp\\\/\"]}]},{\"@type\":\"BreadcrumbList\",\"@id\":\"https:\\\/\\\/inovasyondakadin.org\\\/en\\\/6-entrepreneurship-bootcamp\\\/#breadcrumb\",\"itemListElement\":[{\"@type\":\"ListItem\",\"position\":1,\"name\":\"Anasayfa\",\"item\":\"https:\\\/\\\/inovasyondakadin.org\\\/en\\\/\"},{\"@type\":\"ListItem\",\"position\":2,\"name\":\"6th Entrepreneurship Bootcamp &#8211; 2021\"}]},{\"@type\":\"WebSite\",\"@id\":\"https:\\\/\\\/inovasyondakadin.org\\\/en\\\/#website\",\"url\":\"https:\\\/\\\/inovasyondakadin.org\\\/en\\\/\",\"name\":\"\u0130novasyonda Kad\u0131n\",\"description\":\"Gelecek Kad\u0131n\u0131n G&uuml;c&uuml;yle \u015eekilleniyor\",\"publisher\":{\"@id\":\"https:\\\/\\\/inovasyondakadin.org\\\/en\\\/#organization\"},\"potentialAction\":[{\"@type\":\"SearchAction\",\"target\":{\"@type\":\"EntryPoint\",\"urlTemplate\":\"https:\\\/\\\/inovasyondakadin.org\\\/en\\\/?s={search_term_string}\"},\"query-input\":{\"@type\":\"PropertyValueSpecification\",\"valueRequired\":true,\"valueName\":\"search_term_string\"}}],\"inLanguage\":\"en-US\"},{\"@type\":\"Organization\",\"@id\":\"https:\\\/\\\/inovasyondakadin.org\\\/en\\\/#organization\",\"name\":\"KADIN VE DEMOKRAS\u0130 DERNE\u011e\u0130\",\"alternateName\":\"KADEM\",\"url\":\"https:\\\/\\\/inovasyondakadin.org\\\/en\\\/\",\"logo\":{\"@type\":\"ImageObject\",\"inLanguage\":\"en-US\",\"@id\":\"https:\\\/\\\/inovasyondakadin.org\\\/en\\\/#\\\/schema\\\/logo\\\/image\\\/\",\"url\":\"https:\\\/\\\/inovasyondakadin.org\\\/wp-content\\\/uploads\\\/2025\\\/12\\\/7yhN-V2P_400x400.jpg\",\"contentUrl\":\"https:\\\/\\\/inovasyondakadin.org\\\/wp-content\\\/uploads\\\/2025\\\/12\\\/7yhN-V2P_400x400.jpg\",\"width\":400,\"height\":400,\"caption\":\"KADIN VE DEMOKRAS\u0130 DERNE\u011e\u0130\"},\"image\":{\"@id\":\"https:\\\/\\\/inovasyondakadin.org\\\/en\\\/#\\\/schema\\\/logo\\\/image\\\/\"},\"sameAs\":[\"https:\\\/\\\/www.facebook.com\\\/Kademorgtr\\\/\",\"https:\\\/\\\/x.com\\\/kademorgtr\"]}]}<\/script>\n<!-- \/ Yoast SEO plugin. -->","yoast_head_json":{"title":"6th Entrepreneurship Bootcamp - 2021 - \u0130novasyonda Kad\u0131n","robots":{"index":"index","follow":"follow","max-snippet":"max-snippet:-1","max-image-preview":"max-image-preview:large","max-video-preview":"max-video-preview:-1"},"canonical":"https:\/\/inovasyondakadin.org\/en\/6-entrepreneurship-bootcamp\/","og_locale":"en_US","og_type":"article","og_title":"6th Entrepreneurship Bootcamp - 2021 - \u0130novasyonda Kad\u0131n","og_url":"https:\/\/inovasyondakadin.org\/en\/6-entrepreneurship-bootcamp\/","og_site_name":"\u0130novasyonda Kad\u0131n","article_publisher":"https:\/\/www.facebook.com\/Kademorgtr\/","article_modified_time":"2026-01-12T04:19:02+00:00","og_image":[{"width":1364,"height":768,"url":"https:\/\/inovasyondakadin.org\/wp-content\/uploads\/revslider\/video-media\/SliderVideoBG_1_layer.jpeg","type":"image\/jpeg"}],"twitter_card":"summary_large_image","twitter_site":"@kademorgtr","twitter_misc":{"Est. reading time":"5 minutes"},"schema":{"@context":"https:\/\/schema.org","@graph":[{"@type":"WebPage","@id":"https:\/\/inovasyondakadin.org\/en\/6-entrepreneurship-bootcamp\/","url":"https:\/\/inovasyondakadin.org\/en\/6-entrepreneurship-bootcamp\/","name":"6th Entrepreneurship Bootcamp - 2021 - \u0130novasyonda Kad\u0131n","isPartOf":{"@id":"https:\/\/inovasyondakadin.org\/en\/#website"},"datePublished":"2025-12-07T18:08:33+00:00","dateModified":"2026-01-12T04:19:02+00:00","breadcrumb":{"@id":"https:\/\/inovasyondakadin.org\/en\/6-entrepreneurship-bootcamp\/#breadcrumb"},"inLanguage":"en-US","potentialAction":[{"@type":"ReadAction","target":["https:\/\/inovasyondakadin.org\/en\/6-entrepreneurship-bootcamp\/"]}]},{"@type":"BreadcrumbList","@id":"https:\/\/inovasyondakadin.org\/en\/6-entrepreneurship-bootcamp\/#breadcrumb","itemListElement":[{"@type":"ListItem","position":1,"name":"Anasayfa","item":"https:\/\/inovasyondakadin.org\/en\/"},{"@type":"ListItem","position":2,"name":"6th Entrepreneurship Bootcamp &#8211; 2021"}]},{"@type":"WebSite","@id":"https:\/\/inovasyondakadin.org\/en\/#website","url":"https:\/\/inovasyondakadin.org\/en\/","name":"\u0130novasyonda Kad\u0131n","description":"Gelecek Kad\u0131n\u0131n G&uuml;c&uuml;yle \u015eekilleniyor","publisher":{"@id":"https:\/\/inovasyondakadin.org\/en\/#organization"},"potentialAction":[{"@type":"SearchAction","target":{"@type":"EntryPoint","urlTemplate":"https:\/\/inovasyondakadin.org\/en\/?s={search_term_string}"},"query-input":{"@type":"PropertyValueSpecification","valueRequired":true,"valueName":"search_term_string"}}],"inLanguage":"en-US"},{"@type":"Organization","@id":"https:\/\/inovasyondakadin.org\/en\/#organization","name":"KADIN VE DEMOKRAS\u0130 DERNE\u011e\u0130","alternateName":"KADEM","url":"https:\/\/inovasyondakadin.org\/en\/","logo":{"@type":"ImageObject","inLanguage":"en-US","@id":"https:\/\/inovasyondakadin.org\/en\/#\/schema\/logo\/image\/","url":"https:\/\/inovasyondakadin.org\/wp-content\/uploads\/2025\/12\/7yhN-V2P_400x400.jpg","contentUrl":"https:\/\/inovasyondakadin.org\/wp-content\/uploads\/2025\/12\/7yhN-V2P_400x400.jpg","width":400,"height":400,"caption":"KADIN VE DEMOKRAS\u0130 DERNE\u011e\u0130"},"image":{"@id":"https:\/\/inovasyondakadin.org\/en\/#\/schema\/logo\/image\/"},"sameAs":["https:\/\/www.facebook.com\/Kademorgtr\/","https:\/\/x.com\/kademorgtr"]}]}},"_links":{"self":[{"href":"https:\/\/inovasyondakadin.org\/en\/wp-json\/wp\/v2\/pages\/7568","targetHints":{"allow":["GET"]}}],"collection":[{"href":"https:\/\/inovasyondakadin.org\/en\/wp-json\/wp\/v2\/pages"}],"about":[{"href":"https:\/\/inovasyondakadin.org\/en\/wp-json\/wp\/v2\/types\/page"}],"author":[{"embeddable":true,"href":"https:\/\/inovasyondakadin.org\/en\/wp-json\/wp\/v2\/users\/1"}],"replies":[{"embeddable":true,"href":"https:\/\/inovasyondakadin.org\/en\/wp-json\/wp\/v2\/comments?post=7568"}],"version-history":[{"count":4,"href":"https:\/\/inovasyondakadin.org\/en\/wp-json\/wp\/v2\/pages\/7568\/revisions"}],"predecessor-version":[{"id":7946,"href":"https:\/\/inovasyondakadin.org\/en\/wp-json\/wp\/v2\/pages\/7568\/revisions\/7946"}],"wp:attachment":[{"href":"https:\/\/inovasyondakadin.org\/en\/wp-json\/wp\/v2\/media?parent=7568"}],"wp:term":[{"taxonomy":"mentor-konusmaci","embeddable":true,"href":"https:\/\/inovasyondakadin.org\/en\/wp-json\/wp\/v2\/mentor-konusmaci?post=7568"}],"curies":[{"name":"wp","href":"https:\/\/api.w.org\/{rel}","templated":true}]}}