{"id":7451,"date":"2025-11-22T17:52:21","date_gmt":"2025-11-22T14:52:21","guid":{"rendered":"https:\/\/inovasyondakadin.org\/programs\/yatirimci-hizlandirma-programi\/"},"modified":"2026-01-19T08:38:07","modified_gmt":"2026-01-19T05:38:07","slug":"investor-acceleration-program","status":"publish","type":"page","link":"https:\/\/inovasyondakadin.org\/en\/programs\/investor-acceleration-program\/","title":{"rendered":"Investor Acceleration Program"},"content":{"rendered":"<div class=\"fusion-fullwidth fullwidth-box fusion-builder-row-1 fusion-flex-container has-pattern-background has-mask-background nonhundred-percent-fullwidth non-hundred-percent-height-scrolling\" style=\"--awb-border-radius-top-left:0px;--awb-border-radius-top-right:0px;--awb-border-radius-bottom-right:0px;--awb-border-radius-bottom-left:0px;--awb-flex-wrap:wrap;\" ><div class=\"fusion-builder-row fusion-row fusion-flex-align-items-flex-start fusion-flex-content-wrap\" style=\"max-width:1216.8px;margin-left: calc(-4% \/ 2 );margin-right: calc(-4% \/ 2 );\"><div class=\"fusion-layout-column fusion_builder_column fusion-builder-column-0 fusion_builder_column_1_1 1_1 fusion-flex-column fusion-flex-align-self-center\" style=\"--awb-bg-size:cover;--awb-width-large:100%;--awb-margin-top-large:20px;--awb-spacing-right-large:1.92%;--awb-margin-bottom-large:20px;--awb-spacing-left-large:1.92%;--awb-width-medium:100%;--awb-order-medium:0;--awb-spacing-right-medium:1.92%;--awb-spacing-left-medium:1.92%;--awb-width-small:100%;--awb-order-small:0;--awb-spacing-right-small:1.92%;--awb-spacing-left-small:1.92%;\" data-scroll-devices=\"small-visibility,medium-visibility,large-visibility\"><div class=\"fusion-column-wrapper fusion-column-has-shadow fusion-flex-justify-content-center fusion-content-layout-block\"><div class=\"fusion-text fusion-text-1 fusion-text-no-margin\" style=\"--awb-content-alignment:center;--awb-font-size:24px;--awb-line-height:124%;--awb-margin-bottom:80px;--awb-text-font-family:&quot;Poppins&quot;;--awb-text-font-style:normal;--awb-text-font-weight:200;\"><p>Designed specifically for investors aiming to invest in entrepreneurs, this program offers comprehensive training, experience-sharing sessions, and networking opportunities. This enables investors to make more informed and effective decisions, adding inclusive value to the ecosystem.<\/p>\n<\/div><div class=\"fusion-text fusion-text-2\" style=\"--awb-content-alignment:center;--awb-font-size:24px;--awb-line-height:125%;--awb-text-font-family:&quot;Poppins&quot;;--awb-text-font-style:normal;--awb-text-font-weight:600;\"><p>Stay tuned for the International Entrepreneurship Camp.<\/p>\n<\/div><div class=\"aligncenter\"><div class=\"fusion-social-links fusion-social-links-1\" style=\"--awb-margin-top:0px;--awb-margin-right:0px;--awb-margin-bottom:0px;--awb-margin-left:0px;--awb-alignment:center;--awb-box-border-top:0px;--awb-box-border-right:0px;--awb-box-border-bottom:0px;--awb-box-border-left:0px;--awb-icon-colors-hover:rgba(255,255,255,0.8);--awb-box-colors-hover:rgba(255,255,255,0);--awb-box-border-color:var(--awb-color3);--awb-box-border-color-hover:var(--awb-color4);\"><div class=\"fusion-social-networks color-type-custom\"><div class=\"fusion-social-networks-wrapper\"><a class=\"fusion-social-network-icon fusion-tooltip fusion-facebook awb-icon-facebook\" style=\"color:var(--awb-color1);font-size:36px;\" data-placement=\"top\" data-title=\"Facebook\" data-toggle=\"tooltip\" title=\"Facebook\" aria-label=\"facebook\" target=\"_blank\" rel=\"noopener noreferrer\" href=\"#\"><\/a><a class=\"fusion-social-network-icon fusion-tooltip fusion-twitter awb-icon-twitter\" style=\"color:var(--awb-color1);font-size:36px;\" data-placement=\"top\" data-title=\"X\" data-toggle=\"tooltip\" title=\"X\" aria-label=\"twitter\" target=\"_blank\" rel=\"noopener noreferrer\" href=\"#\"><\/a><a class=\"fusion-social-network-icon fusion-tooltip fusion-instagram awb-icon-instagram\" style=\"color:var(--awb-color1);font-size:36px;\" data-placement=\"top\" data-title=\"Instagram\" data-toggle=\"tooltip\" title=\"Instagram\" aria-label=\"instagram\" target=\"_blank\" rel=\"noopener noreferrer\" href=\"#\"><\/a><a class=\"fusion-social-network-icon fusion-tooltip fusion-youtube awb-icon-youtube\" style=\"color:var(--awb-color1);font-size:36px;\" data-placement=\"top\" data-title=\"YouTube\" data-toggle=\"tooltip\" title=\"YouTube\" aria-label=\"youtube\" target=\"_blank\" rel=\"noopener noreferrer\" href=\"#\"><\/a><a class=\"fusion-social-network-icon fusion-tooltip fusion-linkedin awb-icon-linkedin\" style=\"color:var(--awb-color1);font-size:36px;\" data-placement=\"top\" data-title=\"LinkedIn\" data-toggle=\"tooltip\" title=\"LinkedIn\" aria-label=\"linkedin\" target=\"_blank\" rel=\"noopener noreferrer\" href=\"#\"><\/a><\/div><\/div><\/div><\/div><div class=\"fusion-builder-row fusion-builder-row-inner fusion-row fusion-flex-align-items-flex-start fusion-flex-content-wrap\" style=\"--awb-min-height:no;--awb-min-height-medium:no;--awb-min-height-small:no;--awb-flex-grow:0;--awb-flex-grow-medium:0;--awb-flex-grow-small:0;--awb-flex-shrink:0;--awb-flex-shrink-medium:0;--awb-flex-shrink-small:0;width:104% !important;max-width:104% !important;margin-left: calc(-4% \/ 2 );margin-right: calc(-4% \/ 2 );\"><div class=\"fusion-layout-column fusion_builder_column_inner fusion-builder-nested-column-0 fusion_builder_column_inner_1_5 1_5 fusion-flex-column\" style=\"--awb-bg-size:cover;--awb-width-large:20%;--awb-margin-top-large:20px;--awb-spacing-right-large:9.6%;--awb-margin-bottom-large:20px;--awb-spacing-left-large:9.6%;--awb-width-medium:100%;--awb-order-medium:0;--awb-spacing-right-medium:1.92%;--awb-spacing-left-medium:1.92%;--awb-width-small:100%;--awb-order-small:0;--awb-spacing-right-small:1.92%;--awb-spacing-left-small:1.92%;\"><div class=\"fusion-column-wrapper fusion-column-has-shadow fusion-flex-justify-content-flex-start fusion-content-layout-column\"><\/div><\/div><div class=\"fusion-layout-column fusion_builder_column_inner fusion-builder-nested-column-1 fusion_builder_column_inner_3_5 3_5 fusion-flex-column\" style=\"--awb-bg-size:cover;--awb-width-large:60%;--awb-margin-top-large:20px;--awb-spacing-right-large:3.2%;--awb-margin-bottom-large:20px;--awb-spacing-left-large:3.2%;--awb-width-medium:100%;--awb-order-medium:0;--awb-spacing-right-medium:1.92%;--awb-spacing-left-medium:1.92%;--awb-width-small:100%;--awb-order-small:0;--awb-spacing-right-small:1.92%;--awb-spacing-left-small:1.92%;\"><div class=\"fusion-column-wrapper fusion-column-has-shadow fusion-flex-justify-content-flex-start fusion-content-layout-column\"><div class=\"fusion-form fusion-form-builder fusion-form-form-wrapper fusion-form-7561\" style=\"--awb-margin-top:4%;--awb-tooltip-text-color:#ffffff;--awb-tooltip-background-color:#333333;\" data-form-id=\"7561\" data-config=\"{&quot;form_id&quot;:7561,&quot;form_post_id&quot;:7561,&quot;post_id&quot;:7451,&quot;form_type&quot;:&quot;ajax&quot;,&quot;confirmation_type&quot;:&quot;message&quot;,&quot;redirect_url&quot;:&quot;&quot;,&quot;redirect_timeout&quot;:&quot;0&quot;,&quot;field_labels&quot;:{&quot;&quot;:&quot;&quot;},&quot;field_logics&quot;:{&quot;&quot;:&quot;&quot;,&quot;submit_1&quot;:&quot;&quot;,&quot;notice_1&quot;:&quot;&quot;},&quot;field_types&quot;:{&quot;&quot;:&quot;email&quot;,&quot;submit_1&quot;:&quot;submit&quot;,&quot;notice_1&quot;:&quot;notice&quot;},&quot;nonce_method&quot;:&quot;ajax&quot;,&quot;form_views&quot;:&quot;&quot;,&quot;form_views_counting&quot;:&quot;&quot;}\"><form action=\"https:\/\/inovasyondakadin.org\/en\/programs\/investor-acceleration-program\/\" method=\"post\" class=\"fusion-form fusion-form-7561\"><div class=\"fusion-fullwidth fullwidth-box fusion-builder-row-1-1 fusion-flex-container nonhundred-percent-fullwidth non-hundred-percent-height-scrolling\" style=\"--awb-border-radius-top-left:0px;--awb-border-radius-top-right:0px;--awb-border-radius-bottom-right:0px;--awb-border-radius-bottom-left:0px;--awb-padding-top:0px;--awb-padding-right:0px;--awb-padding-bottom:0px;--awb-padding-left:0px;--awb-margin-top:4px;--awb-margin-bottom:10px;--awb-background-color:rgba(38,36,80,0);--awb-flex-wrap:wrap;\" ><div class=\"fusion-builder-row fusion-row fusion-flex-align-items-flex-start fusion-flex-content-wrap\" style=\"width:104% !important;max-width:104% !important;margin-left: calc(-4% \/ 2 );margin-right: calc(-4% \/ 2 );\"><div class=\"fusion-layout-column fusion_builder_column fusion-builder-column-1 fusion_builder_column_2_3 2_3 fusion-flex-column\" style=\"--awb-bg-size:cover;--awb-width-large:66.666666666667%;--awb-flex-grow:0;--awb-flex-shrink:0;--awb-margin-top-large:0px;--awb-spacing-right-large:5px;--awb-margin-bottom-large:0px;--awb-spacing-left-large:0px;--awb-width-medium:100%;--awb-order-medium:0;--awb-flex-grow-medium:0;--awb-flex-shrink-medium:0;--awb-spacing-right-medium:1.92%;--awb-spacing-left-medium:1.92%;--awb-width-small:100%;--awb-order-small:0;--awb-flex-grow-small:0;--awb-flex-shrink-small:0;--awb-spacing-right-small:1.92%;--awb-spacing-left-small:1.92%;\"><div class=\"fusion-column-wrapper fusion-column-has-shadow fusion-flex-justify-content-flex-start fusion-content-layout-column\"><div class=\"fusion-form-field fusion-form-email-field fusion-form-label-above\" style=\"\" data-form-id=\"7561\"><input type=\"email\" autocomplete=\"off\"  data-empty-notice=\"Please enter your email.\" name=\"\" id=\"\" value=\"\"  class=\"fusion-form-input\" required=\"true\" aria-required=\"true\" placeholder=\"Enter your email. *\" data-holds-private-data=\"false\" data-must-match=\"email\"\/><\/div><\/div><\/div><div class=\"fusion-layout-column fusion_builder_column fusion-builder-column-2 fusion_builder_column_1_3 1_3 fusion-flex-column\" style=\"--awb-bg-size:cover;--awb-width-large:33.333333333333%;--awb-flex-grow:0;--awb-flex-shrink:0;--awb-margin-top-large:0px;--awb-spacing-right-large:0px;--awb-margin-bottom-large:0px;--awb-spacing-left-large:5px;--awb-width-medium:100%;--awb-order-medium:0;--awb-flex-grow-medium:0;--awb-flex-shrink-medium:0;--awb-spacing-right-medium:1.92%;--awb-spacing-left-medium:1.92%;--awb-width-small:100%;--awb-order-small:0;--awb-flex-grow-small:0;--awb-flex-shrink-small:0;--awb-spacing-right-small:1.92%;--awb-spacing-left-small:1.92%;\"><div class=\"fusion-column-wrapper fusion-column-has-shadow fusion-flex-justify-content-flex-start fusion-content-layout-column\"><div class=\"fusion-form-field fusion-form-submit-field fusion-form-label-above\" style=\"\" data-form-id=\"7561\"><div ><button type=\"submit\" class=\"fusion-button button-flat fusion-button-default-size button-custom fusion-button-default button-1 fusion-button-span-yes  button-default form-form-submit\" style=\"--button_accent_color:var(--awb-color1);--button_accent_hover_color:var(--awb-color1);--button_border_hover_color:var(--awb-custom_color_1);--button_border_width-top:0px;--button_border_width-right:0px;--button_border_width-bottom:0px;--button_border_width-left:0px;--button-border-radius-top-left:24px;--button-border-radius-top-right:24px;--button-border-radius-bottom-right:24px;--button-border-radius-bottom-left:24px;--button_gradient_top_color:var(--awb-custom_color_1);--button_gradient_bottom_color:var(--awb-custom_color_1);--button_gradient_top_color_hover:var(--awb-color2);--button_gradient_bottom_color_hover:var(--awb-color2);--button_font_size:20px;--button_typography-font-family:&quot;Roboto&quot;;--button_typography-font-style:normal;--button_typography-font-weight:700;\" data-form-number=\"7561\" tabindex=\"\"><span class=\"fusion-button-text awb-button__text awb-button__text--default\">Send<\/span><\/button><\/div><\/div><\/div><\/div><div class=\"fusion-layout-column fusion_builder_column fusion-builder-column-3 fusion_builder_column_1_1 1_1 fusion-flex-column\" style=\"--awb-bg-size:cover;--awb-width-large:100%;--awb-flex-grow:0;--awb-flex-shrink:0;--awb-margin-top-large:20px;--awb-spacing-right-large:0px;--awb-margin-bottom-large:0px;--awb-spacing-left-large:0px;--awb-width-medium:100%;--awb-order-medium:0;--awb-flex-grow-medium:0;--awb-flex-shrink-medium:0;--awb-spacing-right-medium:1.92%;--awb-spacing-left-medium:1.92%;--awb-width-small:100%;--awb-order-small:0;--awb-flex-grow-small:0;--awb-flex-shrink-small:0;--awb-spacing-right-small:1.92%;--awb-spacing-left-small:1.92%;\"><div class=\"fusion-column-wrapper fusion-column-has-shadow fusion-flex-justify-content-flex-start fusion-content-layout-column\"><div class=\"form-submission-notices data-notice_1\" id=\"fusion-notices-1\" data-instance=\"1\"><div class=\"fusion-alert alert success alert-success fusion-alert-center fusion-form-response fusion-form-response-success fusion-alert-capitalize awb-alert-native-link-color alert-dismissable awb-alert-close-boxed\" role=\"alert\"><div class=\"fusion-alert-content-wrapper\"><span class=\"alert-icon\"><i class=\"awb-icon-check-circle\" aria-hidden=\"true\"><\/i><\/span><span class=\"fusion-alert-content\">Thank you for subscribe!<\/span><\/div><button type=\"button\" class=\"close toggle-alert\" data-dismiss=\"alert\" aria-label=\"Close\">&times;<\/button><\/div><div class=\"fusion-alert alert error alert-danger fusion-alert-center fusion-form-response fusion-form-response-error fusion-alert-capitalize awb-alert-native-link-color alert-dismissable awb-alert-close-boxed\" role=\"alert\"><div class=\"fusion-alert-content-wrapper\"><span class=\"alert-icon\"><i class=\"awb-icon-exclamation-triangle\" aria-hidden=\"true\"><\/i><\/span><span class=\"fusion-alert-content\">There was an error in the process. Please try again.<\/span><\/div><button type=\"button\" class=\"close toggle-alert\" data-dismiss=\"alert\" aria-label=\"Close\">&times;<\/button><\/div><\/div><\/div><\/div><\/div><\/div><input type=\"hidden\" name=\"fusion_privacy_expiration_interval\" value=\"48\"><input type=\"hidden\" name=\"privacy_expiration_action\" value=\"anonymize\"><\/form><\/div><\/div><\/div><div class=\"fusion-layout-column fusion_builder_column_inner fusion-builder-nested-column-2 fusion_builder_column_inner_1_5 1_5 fusion-flex-column\" style=\"--awb-bg-size:cover;--awb-width-large:20%;--awb-margin-top-large:20px;--awb-spacing-right-large:9.6%;--awb-margin-bottom-large:20px;--awb-spacing-left-large:9.6%;--awb-width-medium:100%;--awb-order-medium:0;--awb-spacing-right-medium:1.92%;--awb-spacing-left-medium:1.92%;--awb-width-small:100%;--awb-order-small:0;--awb-spacing-right-small:1.92%;--awb-spacing-left-small:1.92%;\"><div class=\"fusion-column-wrapper fusion-column-has-shadow fusion-flex-justify-content-flex-start fusion-content-layout-column\"><\/div><\/div><\/div><\/div><\/div><\/div><\/div>\n","protected":false},"excerpt":{"rendered":"","protected":false},"author":1,"featured_media":7453,"parent":7443,"menu_order":0,"comment_status":"closed","ping_status":"closed","template":"","meta":{"_acf_changed":false,"footnotes":""},"mentor-konusmaci":[],"class_list":["post-7451","page","type-page","status-publish","has-post-thumbnail","hentry"],"acf":[],"yoast_head":"<!-- This site is optimized with the Yoast SEO plugin v27.4 - https:\/\/yoast.com\/product\/yoast-seo-wordpress\/ -->\n<title>Investor Acceleration Program - \u0130novasyonda Kad\u0131n<\/title>\n<meta name=\"robots\" content=\"index, follow, max-snippet:-1, max-image-preview:large, max-video-preview:-1\" \/>\n<link rel=\"canonical\" href=\"https:\/\/inovasyondakadin.org\/en\/programs\/investor-acceleration-program\/\" \/>\n<meta property=\"og:locale\" content=\"en_US\" \/>\n<meta property=\"og:type\" content=\"article\" \/>\n<meta property=\"og:title\" content=\"Investor Acceleration Program - \u0130novasyonda Kad\u0131n\" \/>\n<meta property=\"og:url\" content=\"https:\/\/inovasyondakadin.org\/en\/programs\/investor-acceleration-program\/\" \/>\n<meta property=\"og:site_name\" content=\"\u0130novasyonda Kad\u0131n\" \/>\n<meta property=\"article:publisher\" content=\"https:\/\/www.facebook.com\/Kademorgtr\/\" \/>\n<meta property=\"article:modified_time\" content=\"2026-01-19T05:38:07+00:00\" \/>\n<meta property=\"og:image\" content=\"https:\/\/inovasyondakadin.org\/wp-content\/uploads\/2025\/11\/yatirimci-hizlandirma-programi-2.webp\" \/>\n\t<meta property=\"og:image:width\" content=\"1512\" \/>\n\t<meta property=\"og:image:height\" content=\"1620\" \/>\n\t<meta property=\"og:image:type\" content=\"image\/webp\" \/>\n<meta name=\"twitter:card\" content=\"summary_large_image\" \/>\n<meta name=\"twitter:site\" content=\"@kademorgtr\" \/>\n<meta name=\"twitter:label1\" content=\"Est. reading time\" \/>\n\t<meta name=\"twitter:data1\" content=\"1 minute\" \/>\n<script type=\"application\/ld+json\" class=\"yoast-schema-graph\">{\"@context\":\"https:\\\/\\\/schema.org\",\"@graph\":[{\"@type\":\"WebPage\",\"@id\":\"https:\\\/\\\/inovasyondakadin.org\\\/en\\\/programs\\\/investor-acceleration-program\\\/\",\"url\":\"https:\\\/\\\/inovasyondakadin.org\\\/en\\\/programs\\\/investor-acceleration-program\\\/\",\"name\":\"Investor Acceleration Program - \u0130novasyonda Kad\u0131n\",\"isPartOf\":{\"@id\":\"https:\\\/\\\/inovasyondakadin.org\\\/en\\\/#website\"},\"primaryImageOfPage\":{\"@id\":\"https:\\\/\\\/inovasyondakadin.org\\\/en\\\/programs\\\/investor-acceleration-program\\\/#primaryimage\"},\"image\":{\"@id\":\"https:\\\/\\\/inovasyondakadin.org\\\/en\\\/programs\\\/investor-acceleration-program\\\/#primaryimage\"},\"thumbnailUrl\":\"https:\\\/\\\/inovasyondakadin.org\\\/wp-content\\\/uploads\\\/2025\\\/11\\\/yatirimci-hizlandirma-programi-2.webp\",\"datePublished\":\"2025-11-22T14:52:21+00:00\",\"dateModified\":\"2026-01-19T05:38:07+00:00\",\"breadcrumb\":{\"@id\":\"https:\\\/\\\/inovasyondakadin.org\\\/en\\\/programs\\\/investor-acceleration-program\\\/#breadcrumb\"},\"inLanguage\":\"en-US\",\"potentialAction\":[{\"@type\":\"ReadAction\",\"target\":[\"https:\\\/\\\/inovasyondakadin.org\\\/en\\\/programs\\\/investor-acceleration-program\\\/\"]}]},{\"@type\":\"ImageObject\",\"inLanguage\":\"en-US\",\"@id\":\"https:\\\/\\\/inovasyondakadin.org\\\/en\\\/programs\\\/investor-acceleration-program\\\/#primaryimage\",\"url\":\"https:\\\/\\\/inovasyondakadin.org\\\/wp-content\\\/uploads\\\/2025\\\/11\\\/yatirimci-hizlandirma-programi-2.webp\",\"contentUrl\":\"https:\\\/\\\/inovasyondakadin.org\\\/wp-content\\\/uploads\\\/2025\\\/11\\\/yatirimci-hizlandirma-programi-2.webp\",\"width\":1512,\"height\":1620},{\"@type\":\"BreadcrumbList\",\"@id\":\"https:\\\/\\\/inovasyondakadin.org\\\/en\\\/programs\\\/investor-acceleration-program\\\/#breadcrumb\",\"itemListElement\":[{\"@type\":\"ListItem\",\"position\":1,\"name\":\"Anasayfa\",\"item\":\"https:\\\/\\\/inovasyondakadin.org\\\/en\\\/\"},{\"@type\":\"ListItem\",\"position\":2,\"name\":\"Programs\",\"item\":\"https:\\\/\\\/inovasyondakadin.org\\\/en\\\/programs\\\/\"},{\"@type\":\"ListItem\",\"position\":3,\"name\":\"Investor Acceleration Program\"}]},{\"@type\":\"WebSite\",\"@id\":\"https:\\\/\\\/inovasyondakadin.org\\\/en\\\/#website\",\"url\":\"https:\\\/\\\/inovasyondakadin.org\\\/en\\\/\",\"name\":\"\u0130novasyonda Kad\u0131n\",\"description\":\"Gelecek Kad\u0131n\u0131n G&uuml;c&uuml;yle \u015eekilleniyor\",\"publisher\":{\"@id\":\"https:\\\/\\\/inovasyondakadin.org\\\/en\\\/#organization\"},\"potentialAction\":[{\"@type\":\"SearchAction\",\"target\":{\"@type\":\"EntryPoint\",\"urlTemplate\":\"https:\\\/\\\/inovasyondakadin.org\\\/en\\\/?s={search_term_string}\"},\"query-input\":{\"@type\":\"PropertyValueSpecification\",\"valueRequired\":true,\"valueName\":\"search_term_string\"}}],\"inLanguage\":\"en-US\"},{\"@type\":\"Organization\",\"@id\":\"https:\\\/\\\/inovasyondakadin.org\\\/en\\\/#organization\",\"name\":\"KADIN VE DEMOKRAS\u0130 DERNE\u011e\u0130\",\"alternateName\":\"KADEM\",\"url\":\"https:\\\/\\\/inovasyondakadin.org\\\/en\\\/\",\"logo\":{\"@type\":\"ImageObject\",\"inLanguage\":\"en-US\",\"@id\":\"https:\\\/\\\/inovasyondakadin.org\\\/en\\\/#\\\/schema\\\/logo\\\/image\\\/\",\"url\":\"https:\\\/\\\/inovasyondakadin.org\\\/wp-content\\\/uploads\\\/2025\\\/12\\\/7yhN-V2P_400x400.jpg\",\"contentUrl\":\"https:\\\/\\\/inovasyondakadin.org\\\/wp-content\\\/uploads\\\/2025\\\/12\\\/7yhN-V2P_400x400.jpg\",\"width\":400,\"height\":400,\"caption\":\"KADIN VE DEMOKRAS\u0130 DERNE\u011e\u0130\"},\"image\":{\"@id\":\"https:\\\/\\\/inovasyondakadin.org\\\/en\\\/#\\\/schema\\\/logo\\\/image\\\/\"},\"sameAs\":[\"https:\\\/\\\/www.facebook.com\\\/Kademorgtr\\\/\",\"https:\\\/\\\/x.com\\\/kademorgtr\"]}]}<\/script>\n<!-- \/ Yoast SEO plugin. -->","yoast_head_json":{"title":"Investor Acceleration Program - \u0130novasyonda Kad\u0131n","robots":{"index":"index","follow":"follow","max-snippet":"max-snippet:-1","max-image-preview":"max-image-preview:large","max-video-preview":"max-video-preview:-1"},"canonical":"https:\/\/inovasyondakadin.org\/en\/programs\/investor-acceleration-program\/","og_locale":"en_US","og_type":"article","og_title":"Investor Acceleration Program - \u0130novasyonda Kad\u0131n","og_url":"https:\/\/inovasyondakadin.org\/en\/programs\/investor-acceleration-program\/","og_site_name":"\u0130novasyonda Kad\u0131n","article_publisher":"https:\/\/www.facebook.com\/Kademorgtr\/","article_modified_time":"2026-01-19T05:38:07+00:00","og_image":[{"width":1512,"height":1620,"url":"https:\/\/inovasyondakadin.org\/wp-content\/uploads\/2025\/11\/yatirimci-hizlandirma-programi-2.webp","type":"image\/webp"}],"twitter_card":"summary_large_image","twitter_site":"@kademorgtr","twitter_misc":{"Est. reading time":"1 minute"},"schema":{"@context":"https:\/\/schema.org","@graph":[{"@type":"WebPage","@id":"https:\/\/inovasyondakadin.org\/en\/programs\/investor-acceleration-program\/","url":"https:\/\/inovasyondakadin.org\/en\/programs\/investor-acceleration-program\/","name":"Investor Acceleration Program - \u0130novasyonda Kad\u0131n","isPartOf":{"@id":"https:\/\/inovasyondakadin.org\/en\/#website"},"primaryImageOfPage":{"@id":"https:\/\/inovasyondakadin.org\/en\/programs\/investor-acceleration-program\/#primaryimage"},"image":{"@id":"https:\/\/inovasyondakadin.org\/en\/programs\/investor-acceleration-program\/#primaryimage"},"thumbnailUrl":"https:\/\/inovasyondakadin.org\/wp-content\/uploads\/2025\/11\/yatirimci-hizlandirma-programi-2.webp","datePublished":"2025-11-22T14:52:21+00:00","dateModified":"2026-01-19T05:38:07+00:00","breadcrumb":{"@id":"https:\/\/inovasyondakadin.org\/en\/programs\/investor-acceleration-program\/#breadcrumb"},"inLanguage":"en-US","potentialAction":[{"@type":"ReadAction","target":["https:\/\/inovasyondakadin.org\/en\/programs\/investor-acceleration-program\/"]}]},{"@type":"ImageObject","inLanguage":"en-US","@id":"https:\/\/inovasyondakadin.org\/en\/programs\/investor-acceleration-program\/#primaryimage","url":"https:\/\/inovasyondakadin.org\/wp-content\/uploads\/2025\/11\/yatirimci-hizlandirma-programi-2.webp","contentUrl":"https:\/\/inovasyondakadin.org\/wp-content\/uploads\/2025\/11\/yatirimci-hizlandirma-programi-2.webp","width":1512,"height":1620},{"@type":"BreadcrumbList","@id":"https:\/\/inovasyondakadin.org\/en\/programs\/investor-acceleration-program\/#breadcrumb","itemListElement":[{"@type":"ListItem","position":1,"name":"Anasayfa","item":"https:\/\/inovasyondakadin.org\/en\/"},{"@type":"ListItem","position":2,"name":"Programs","item":"https:\/\/inovasyondakadin.org\/en\/programs\/"},{"@type":"ListItem","position":3,"name":"Investor Acceleration Program"}]},{"@type":"WebSite","@id":"https:\/\/inovasyondakadin.org\/en\/#website","url":"https:\/\/inovasyondakadin.org\/en\/","name":"\u0130novasyonda Kad\u0131n","description":"Gelecek Kad\u0131n\u0131n G&uuml;c&uuml;yle \u015eekilleniyor","publisher":{"@id":"https:\/\/inovasyondakadin.org\/en\/#organization"},"potentialAction":[{"@type":"SearchAction","target":{"@type":"EntryPoint","urlTemplate":"https:\/\/inovasyondakadin.org\/en\/?s={search_term_string}"},"query-input":{"@type":"PropertyValueSpecification","valueRequired":true,"valueName":"search_term_string"}}],"inLanguage":"en-US"},{"@type":"Organization","@id":"https:\/\/inovasyondakadin.org\/en\/#organization","name":"KADIN VE DEMOKRAS\u0130 DERNE\u011e\u0130","alternateName":"KADEM","url":"https:\/\/inovasyondakadin.org\/en\/","logo":{"@type":"ImageObject","inLanguage":"en-US","@id":"https:\/\/inovasyondakadin.org\/en\/#\/schema\/logo\/image\/","url":"https:\/\/inovasyondakadin.org\/wp-content\/uploads\/2025\/12\/7yhN-V2P_400x400.jpg","contentUrl":"https:\/\/inovasyondakadin.org\/wp-content\/uploads\/2025\/12\/7yhN-V2P_400x400.jpg","width":400,"height":400,"caption":"KADIN VE DEMOKRAS\u0130 DERNE\u011e\u0130"},"image":{"@id":"https:\/\/inovasyondakadin.org\/en\/#\/schema\/logo\/image\/"},"sameAs":["https:\/\/www.facebook.com\/Kademorgtr\/","https:\/\/x.com\/kademorgtr"]}]}},"_links":{"self":[{"href":"https:\/\/inovasyondakadin.org\/en\/wp-json\/wp\/v2\/pages\/7451","targetHints":{"allow":["GET"]}}],"collection":[{"href":"https:\/\/inovasyondakadin.org\/en\/wp-json\/wp\/v2\/pages"}],"about":[{"href":"https:\/\/inovasyondakadin.org\/en\/wp-json\/wp\/v2\/types\/page"}],"author":[{"embeddable":true,"href":"https:\/\/inovasyondakadin.org\/en\/wp-json\/wp\/v2\/users\/1"}],"replies":[{"embeddable":true,"href":"https:\/\/inovasyondakadin.org\/en\/wp-json\/wp\/v2\/comments?post=7451"}],"version-history":[{"count":4,"href":"https:\/\/inovasyondakadin.org\/en\/wp-json\/wp\/v2\/pages\/7451\/revisions"}],"predecessor-version":[{"id":8088,"href":"https:\/\/inovasyondakadin.org\/en\/wp-json\/wp\/v2\/pages\/7451\/revisions\/8088"}],"up":[{"embeddable":true,"href":"https:\/\/inovasyondakadin.org\/en\/wp-json\/wp\/v2\/pages\/7443"}],"wp:featuredmedia":[{"embeddable":true,"href":"https:\/\/inovasyondakadin.org\/en\/wp-json\/wp\/v2\/media\/7453"}],"wp:attachment":[{"href":"https:\/\/inovasyondakadin.org\/en\/wp-json\/wp\/v2\/media?parent=7451"}],"wp:term":[{"taxonomy":"mentor-konusmaci","embeddable":true,"href":"https:\/\/inovasyondakadin.org\/en\/wp-json\/wp\/v2\/mentor-konusmaci?post=7451"}],"curies":[{"name":"wp","href":"https:\/\/api.w.org\/{rel}","templated":true}]}}