{"id":7393,"date":"2025-11-23T01:34:16","date_gmt":"2025-11-22T22:34:16","guid":{"rendered":"https:\/\/inovasyondakadin.org\/destekler\/"},"modified":"2026-01-28T07:48:26","modified_gmt":"2026-01-28T04:48:26","slug":"supports","status":"publish","type":"page","link":"https:\/\/inovasyondakadin.org\/en\/supports\/","title":{"rendered":"What We Offer"},"content":{"rendered":"<div class=\"fusion-fullwidth fullwidth-box fusion-builder-row-1 fusion-flex-container has-pattern-background has-mask-background nonhundred-percent-fullwidth non-hundred-percent-height-scrolling\" style=\"--awb-border-radius-top-left:0px;--awb-border-radius-top-right:0px;--awb-border-radius-bottom-right:0px;--awb-border-radius-bottom-left:0px;--awb-margin-bottom:10%;--awb-flex-wrap:wrap;\" ><div class=\"fusion-builder-row fusion-row fusion-flex-align-items-flex-start fusion-flex-content-wrap\" style=\"max-width:1216.8px;margin-left: calc(-4% \/ 2 );margin-right: calc(-4% \/ 2 );\"><div class=\"fusion-layout-column fusion_builder_column fusion-builder-column-0 fusion_builder_column_1_2 1_2 fusion-flex-column\" style=\"--awb-bg-size:cover;--awb-width-large:50%;--awb-margin-top-large:20px;--awb-spacing-right-large:3.84%;--awb-margin-bottom-large:20px;--awb-spacing-left-large:3.84%;--awb-width-medium:100%;--awb-order-medium:0;--awb-spacing-right-medium:1.92%;--awb-spacing-left-medium:1.92%;--awb-width-small:100%;--awb-order-small:0;--awb-spacing-right-small:1.92%;--awb-spacing-left-small:1.92%;\"><div class=\"fusion-column-wrapper fusion-column-has-shadow fusion-flex-justify-content-flex-start fusion-content-layout-column\"><div class=\"accordian fusion-accordian\" style=\"--awb-padding-top:0px;--awb-padding-right:0px;--awb-padding-bottom:0px;--awb-padding-left:0px;--awb-border-size:1px;--awb-icon-size:13px;--awb-content-font-size:var(--awb-typography4-font-size);--awb-icon-alignment:right;--awb-hover-color:rgba(196,196,196,0.14);--awb-border-color:var(--awb-custom_color_7);--awb-background-color:rgba(196,196,196,0.14);--awb-divider-color:var(--awb-color1);--awb-divider-hover-color:var(--awb-color1);--awb-icon-color:var(--awb-color1);--awb-title-color:var(--awb-color1);--awb-content-color:var(--awb-color1);--awb-icon-box-color:var(--awb-custom_color_7);--awb-toggle-hover-accent-color:var(--awb-custom_color_7);--awb-toggle-active-accent-color:var(--awb-color1);--awb-title-font-family:&quot;Poppins&quot;;--awb-title-font-weight:600;--awb-title-font-style:normal;--awb-title-font-size:24\u011fx;--awb-content-font-family:var(--awb-typography4-font-family);--awb-content-font-weight:var(--awb-typography4-font-weight);--awb-content-font-style:var(--awb-typography4-font-style);\"><div class=\"panel-group fusion-toggle-icon-right fusion-toggle-icon-boxed\" id=\"accordion-7393-1\"><div class=\"fusion-panel panel-default panel-a7550a5c701b3f12c fusion-toggle-no-divider fusion-toggle-boxed-mode\" style=\"--awb-title-color:var(--awb-color1);--awb-content-color:var(--awb-color1);\"><div class=\"panel-heading\"><h4 class=\"panel-title toggle\" id=\"toggle_a7550a5c701b3f12c\"><a class=\"active\" aria-expanded=\"true\" aria-controls=\"a7550a5c701b3f12c\" role=\"button\" data-toggle=\"collapse\" data-parent=\"#accordion-7393-1\" data-target=\"#a7550a5c701b3f12c\" href=\"#a7550a5c701b3f12c\"><span class=\"fusion-toggle-icon-wrapper\" aria-hidden=\"true\"><i class=\"fa-fusion-box active-icon fa-chevron-up fas\" aria-hidden=\"true\"><\/i><i class=\"fa-fusion-box inactive-icon fa-chevron-down fas\" aria-hidden=\"true\"><\/i><\/span><span class=\"fusion-toggle-heading\">Entrepreneurship Training<\/span><\/a><\/h4><\/div><div id=\"a7550a5c701b3f12c\" class=\"panel-collapse collapse in\" aria-labelledby=\"toggle_a7550a5c701b3f12c\"><div class=\"panel-body toggle-content fusion-clearfix\">\n<p>We enhance entrepreneurs&#8217; knowledge, skills, and competencies with our wide range of training covering topics such as business model development, marketing, finance, digital transformation, and intellectual property, as well as project management, investor relations, user experience, and leadership.<\/p>\n<\/div><\/div><\/div><div class=\"fusion-panel panel-default panel-9942fdde38d2cc453 fusion-toggle-no-divider fusion-toggle-boxed-mode\" style=\"--awb-title-color:var(--awb-color1);--awb-content-color:var(--awb-color1);\"><div class=\"panel-heading\"><h4 class=\"panel-title toggle\" id=\"toggle_9942fdde38d2cc453\"><a aria-expanded=\"false\" aria-controls=\"9942fdde38d2cc453\" role=\"button\" data-toggle=\"collapse\" data-parent=\"#accordion-7393-1\" data-target=\"#9942fdde38d2cc453\" href=\"#9942fdde38d2cc453\"><span class=\"fusion-toggle-icon-wrapper\" aria-hidden=\"true\"><i class=\"fa-fusion-box active-icon fa-chevron-up fas\" aria-hidden=\"true\"><\/i><i class=\"fa-fusion-box inactive-icon fa-chevron-down fas\" aria-hidden=\"true\"><\/i><\/span><span class=\"fusion-toggle-heading\">Investor Meetings<\/span><\/a><\/h4><\/div><div id=\"9942fdde38d2cc453\" class=\"panel-collapse collapse \" aria-labelledby=\"toggle_9942fdde38d2cc453\"><div class=\"panel-body toggle-content fusion-clearfix\">Entrepreneurs meet with investors to present their projects and evaluate potential partnerships and investment opportunities.<\/div><\/div><\/div><div class=\"fusion-panel panel-default panel-f796256e6e841bda7 fusion-toggle-no-divider fusion-toggle-boxed-mode\" style=\"--awb-title-color:var(--awb-color1);--awb-content-color:var(--awb-color1);\"><div class=\"panel-heading\"><h4 class=\"panel-title toggle\" id=\"toggle_f796256e6e841bda7\"><a aria-expanded=\"false\" aria-controls=\"f796256e6e841bda7\" role=\"button\" data-toggle=\"collapse\" data-parent=\"#accordion-7393-1\" data-target=\"#f796256e6e841bda7\" href=\"#f796256e6e841bda7\"><span class=\"fusion-toggle-icon-wrapper\" aria-hidden=\"true\"><i class=\"fa-fusion-box active-icon fa-chevron-up fas\" aria-hidden=\"true\"><\/i><i class=\"fa-fusion-box inactive-icon fa-chevron-down fas\" aria-hidden=\"true\"><\/i><\/span><span class=\"fusion-toggle-heading\">Network<\/span><\/a><\/h4><\/div><div id=\"f796256e6e841bda7\" class=\"panel-collapse collapse \" aria-labelledby=\"toggle_f796256e6e841bda7\"><div class=\"panel-body toggle-content fusion-clearfix\">\n<p>Program graduates are part of a strong entrepreneurial ecosystem, enabling knowledge sharing, joint projects, and access to new opportunities.<\/p>\n<\/div><\/div><\/div><div class=\"fusion-panel panel-default panel-faf07f55d3870c849 fusion-toggle-no-divider fusion-toggle-boxed-mode\" style=\"--awb-title-color:var(--awb-color1);--awb-content-color:var(--awb-color1);\"><div class=\"panel-heading\"><h4 class=\"panel-title toggle\" id=\"toggle_faf07f55d3870c849\"><a aria-expanded=\"false\" aria-controls=\"faf07f55d3870c849\" role=\"button\" data-toggle=\"collapse\" data-parent=\"#accordion-7393-1\" data-target=\"#faf07f55d3870c849\" href=\"#faf07f55d3870c849\"><span class=\"fusion-toggle-icon-wrapper\" aria-hidden=\"true\"><i class=\"fa-fusion-box active-icon fa-chevron-up fas\" aria-hidden=\"true\"><\/i><i class=\"fa-fusion-box inactive-icon fa-chevron-down fas\" aria-hidden=\"true\"><\/i><\/span><span class=\"fusion-toggle-heading\">Awards<\/span><\/a><\/h4><\/div><div id=\"faf07f55d3870c849\" class=\"panel-collapse collapse \" aria-labelledby=\"toggle_faf07f55d3870c849\"><div class=\"panel-body toggle-content fusion-clearfix\">\n<p>At the end of the program, successful startups are awarded in different categories and supported in their promotion and development processes. The first-place startup receives 350,000 TL, the second-place startup receives 250,000 TL, and the third-place startup receives 150,000 TL in cash prizes.<\/p>\n<\/div><\/div><\/div><div class=\"fusion-panel panel-default panel-1585af4c3a3d20e2a fusion-toggle-no-divider fusion-toggle-boxed-mode\" style=\"--awb-title-color:var(--awb-color1);--awb-content-color:var(--awb-color1);\"><div class=\"panel-heading\"><h4 class=\"panel-title toggle\" id=\"toggle_1585af4c3a3d20e2a\"><a aria-expanded=\"false\" aria-controls=\"1585af4c3a3d20e2a\" role=\"button\" data-toggle=\"collapse\" data-parent=\"#accordion-7393-1\" data-target=\"#1585af4c3a3d20e2a\" href=\"#1585af4c3a3d20e2a\"><span class=\"fusion-toggle-icon-wrapper\" aria-hidden=\"true\"><i class=\"fa-fusion-box active-icon fa-chevron-up fas\" aria-hidden=\"true\"><\/i><i class=\"fa-fusion-box inactive-icon fa-chevron-down fas\" aria-hidden=\"true\"><\/i><\/span><span class=\"fusion-toggle-heading\">Post-Program Continuity<\/span><\/a><\/h4><\/div><div id=\"1585af4c3a3d20e2a\" class=\"panel-collapse collapse \" aria-labelledby=\"toggle_1585af4c3a3d20e2a\"><div class=\"panel-body toggle-content fusion-clearfix\">\n<p>Our connection with participants does not end after the program.<br \/>\nBy joining the Women in Innovation Network, entrepreneurs regularly receive updates on training, project calls, funding, and events.<br \/>\nThis transforms the program into a lasting community and support network for women entrepreneurs<\/p>\n<\/div><\/div><\/div><\/div><\/div><\/div><\/div><div class=\"fusion-layout-column fusion_builder_column fusion-builder-column-1 fusion_builder_column_1_2 1_2 fusion-flex-column\" style=\"--awb-bg-size:cover;--awb-width-large:50%;--awb-margin-top-large:20px;--awb-spacing-right-large:3.84%;--awb-margin-bottom-large:20px;--awb-spacing-left-large:3.84%;--awb-width-medium:100%;--awb-order-medium:0;--awb-spacing-right-medium:1.92%;--awb-spacing-left-medium:1.92%;--awb-width-small:100%;--awb-order-small:0;--awb-spacing-right-small:1.92%;--awb-spacing-left-small:1.92%;\"><div class=\"fusion-column-wrapper fusion-column-has-shadow fusion-flex-justify-content-flex-start fusion-content-layout-column\"><div class=\"accordian fusion-accordian\" style=\"--awb-padding-top:0px;--awb-padding-right:0px;--awb-padding-bottom:0px;--awb-padding-left:0px;--awb-border-size:1px;--awb-icon-size:13px;--awb-content-font-size:var(--awb-typography4-font-size);--awb-icon-alignment:right;--awb-hover-color:rgba(196,196,196,0.14);--awb-border-color:var(--awb-custom_color_7);--awb-background-color:rgba(196,196,196,0.14);--awb-divider-color:var(--awb-color1);--awb-divider-hover-color:var(--awb-color1);--awb-icon-color:var(--awb-color1);--awb-title-color:var(--awb-color1);--awb-content-color:var(--awb-color1);--awb-icon-box-color:var(--awb-custom_color_7);--awb-toggle-hover-accent-color:var(--awb-custom_color_7);--awb-toggle-active-accent-color:var(--awb-color1);--awb-title-font-family:&quot;Poppins&quot;;--awb-title-font-weight:600;--awb-title-font-style:normal;--awb-title-font-size:24\u011fx;--awb-content-font-family:var(--awb-typography4-font-family);--awb-content-font-weight:var(--awb-typography4-font-weight);--awb-content-font-style:var(--awb-typography4-font-style);\"><div class=\"panel-group fusion-toggle-icon-right fusion-toggle-icon-boxed\" id=\"accordion-7393-2\"><div class=\"fusion-panel panel-default panel-4ef3d6da9c613ed7d fusion-toggle-no-divider fusion-toggle-boxed-mode\" style=\"--awb-title-color:var(--awb-color1);--awb-content-color:var(--awb-color1);\"><div class=\"panel-heading\"><h4 class=\"panel-title toggle\" id=\"toggle_4ef3d6da9c613ed7d\"><a class=\"active\" aria-expanded=\"true\" aria-controls=\"4ef3d6da9c613ed7d\" role=\"button\" data-toggle=\"collapse\" data-parent=\"#accordion-7393-2\" data-target=\"#4ef3d6da9c613ed7d\" href=\"#4ef3d6da9c613ed7d\"><span class=\"fusion-toggle-icon-wrapper\" aria-hidden=\"true\"><i class=\"fa-fusion-box active-icon fa-chevron-up fas\" aria-hidden=\"true\"><\/i><i class=\"fa-fusion-box inactive-icon fa-chevron-down fas\" aria-hidden=\"true\"><\/i><\/span><span class=\"fusion-toggle-heading\">Mentorship<\/span><\/a><\/h4><\/div><div id=\"4ef3d6da9c613ed7d\" class=\"panel-collapse collapse in\" aria-labelledby=\"toggle_4ef3d6da9c613ed7d\"><div class=\"panel-body toggle-content fusion-clearfix\">\n<p>Participants develop their projects through one-on-one sessions with expert mentors, while experience-sharing opportunities contribute to their personal growth.<\/p>\n<\/div><\/div><\/div><div class=\"fusion-panel panel-default panel-7c81baa1a459f8568 fusion-toggle-no-divider fusion-toggle-boxed-mode\" style=\"--awb-title-color:var(--awb-color1);--awb-content-color:var(--awb-color1);\"><div class=\"panel-heading\"><h4 class=\"panel-title toggle\" id=\"toggle_7c81baa1a459f8568\"><a aria-expanded=\"false\" aria-controls=\"7c81baa1a459f8568\" role=\"button\" data-toggle=\"collapse\" data-parent=\"#accordion-7393-2\" data-target=\"#7c81baa1a459f8568\" href=\"#7c81baa1a459f8568\"><span class=\"fusion-toggle-icon-wrapper\" aria-hidden=\"true\"><i class=\"fa-fusion-box active-icon fa-chevron-up fas\" aria-hidden=\"true\"><\/i><i class=\"fa-fusion-box inactive-icon fa-chevron-down fas\" aria-hidden=\"true\"><\/i><\/span><span class=\"fusion-toggle-heading\">Meetings with Corporate Companies<\/span><\/a><\/h4><\/div><div id=\"7c81baa1a459f8568\" class=\"panel-collapse collapse \" aria-labelledby=\"toggle_7c81baa1a459f8568\"><div class=\"panel-body toggle-content fusion-clearfix\">\n<p>Through meetings with companies from various sectors, participants have the opportunity to test their products and services in the market and explore potential collaboration opportunities.<\/p>\n<\/div><\/div><\/div><div class=\"fusion-panel panel-default panel-be6ff966c1111b7d2 fusion-toggle-no-divider fusion-toggle-boxed-mode\" style=\"--awb-title-color:var(--awb-color1);--awb-content-color:var(--awb-color1);\"><div class=\"panel-heading\"><h4 class=\"panel-title toggle\" id=\"toggle_be6ff966c1111b7d2\"><a aria-expanded=\"false\" aria-controls=\"be6ff966c1111b7d2\" role=\"button\" data-toggle=\"collapse\" data-parent=\"#accordion-7393-2\" data-target=\"#be6ff966c1111b7d2\" href=\"#be6ff966c1111b7d2\"><span class=\"fusion-toggle-icon-wrapper\" aria-hidden=\"true\"><i class=\"fa-fusion-box active-icon fa-chevron-up fas\" aria-hidden=\"true\"><\/i><i class=\"fa-fusion-box inactive-icon fa-chevron-down fas\" aria-hidden=\"true\"><\/i><\/span><span class=\"fusion-toggle-heading\">Participation in National and International Events<\/span><\/a><\/h4><\/div><div id=\"be6ff966c1111b7d2\" class=\"panel-collapse collapse \" aria-labelledby=\"toggle_be6ff966c1111b7d2\"><div class=\"panel-body toggle-content fusion-clearfix\">\n<p>Participants have the opportunity to showcase their projects, gain visibility, and establish international connections at various events.<\/p>\n<p>First-place winners of the Entrepreneurship Camps will receive support to participate in one of the major international events (CES, Slush, Web Summit Qatar, Web Summit Lisbon).<\/p>\n<\/div><\/div><\/div><div class=\"fusion-panel panel-default panel-df0b43bc8d12d14c4 fusion-toggle-no-divider fusion-toggle-boxed-mode\" style=\"--awb-title-color:var(--awb-color1);--awb-content-color:var(--awb-color1);\"><div class=\"panel-heading\"><h4 class=\"panel-title toggle\" id=\"toggle_df0b43bc8d12d14c4\"><a aria-expanded=\"false\" aria-controls=\"df0b43bc8d12d14c4\" role=\"button\" data-toggle=\"collapse\" data-parent=\"#accordion-7393-2\" data-target=\"#df0b43bc8d12d14c4\" href=\"#df0b43bc8d12d14c4\"><span class=\"fusion-toggle-icon-wrapper\" aria-hidden=\"true\"><i class=\"fa-fusion-box active-icon fa-chevron-up fas\" aria-hidden=\"true\"><\/i><i class=\"fa-fusion-box inactive-icon fa-chevron-down fas\" aria-hidden=\"true\"><\/i><\/span><span class=\"fusion-toggle-heading\"> Opportunity to Work in an Open Office<\/span><\/a><\/h4><\/div><div id=\"df0b43bc8d12d14c4\" class=\"panel-collapse collapse \" aria-labelledby=\"toggle_df0b43bc8d12d14c4\"><div class=\"panel-body toggle-content fusion-clearfix\">\n<p>Participants will be able to bring their ideas to life in a productive working environment by using the shared workspaces at KADEM Innovation Women&#8217;s <span style=\"font-weight: 400;\">Information<\/span> Center.<\/p>\n<\/div><\/div><\/div><\/div><\/div><\/div><\/div><\/div><\/div>\n","protected":false},"excerpt":{"rendered":"","protected":false},"author":1,"featured_media":0,"parent":0,"menu_order":0,"comment_status":"closed","ping_status":"closed","template":"","meta":{"_acf_changed":false,"footnotes":""},"mentor-konusmaci":[],"class_list":["post-7393","page","type-page","status-publish","hentry"],"acf":[],"yoast_head":"<!-- This site is optimized with the Yoast SEO plugin v27.4 - https:\/\/yoast.com\/product\/yoast-seo-wordpress\/ -->\n<title>What We Offer - \u0130novasyonda Kad\u0131n<\/title>\n<meta name=\"robots\" content=\"index, follow, max-snippet:-1, max-image-preview:large, max-video-preview:-1\" \/>\n<link rel=\"canonical\" href=\"https:\/\/inovasyondakadin.org\/en\/supports\/\" \/>\n<meta property=\"og:locale\" content=\"en_US\" \/>\n<meta property=\"og:type\" content=\"article\" \/>\n<meta property=\"og:title\" content=\"What We Offer - \u0130novasyonda Kad\u0131n\" \/>\n<meta property=\"og:url\" content=\"https:\/\/inovasyondakadin.org\/en\/supports\/\" \/>\n<meta property=\"og:site_name\" content=\"\u0130novasyonda Kad\u0131n\" \/>\n<meta property=\"article:publisher\" content=\"https:\/\/www.facebook.com\/Kademorgtr\/\" \/>\n<meta property=\"article:modified_time\" content=\"2026-01-28T04:48:26+00:00\" \/>\n<meta property=\"og:image\" content=\"https:\/\/inovasyondakadin.org\/wp-content\/uploads\/revslider\/video-media\/SliderVideoBG_1_layer.jpeg\" \/>\n\t<meta property=\"og:image:width\" content=\"1364\" \/>\n\t<meta property=\"og:image:height\" content=\"768\" \/>\n\t<meta property=\"og:image:type\" content=\"image\/jpeg\" \/>\n<meta name=\"twitter:card\" content=\"summary_large_image\" \/>\n<meta name=\"twitter:site\" content=\"@kademorgtr\" \/>\n<meta name=\"twitter:label1\" content=\"Est. reading time\" \/>\n\t<meta name=\"twitter:data1\" content=\"2 minutes\" \/>\n<script type=\"application\/ld+json\" class=\"yoast-schema-graph\">{\"@context\":\"https:\\\/\\\/schema.org\",\"@graph\":[{\"@type\":\"WebPage\",\"@id\":\"https:\\\/\\\/inovasyondakadin.org\\\/en\\\/supports\\\/\",\"url\":\"https:\\\/\\\/inovasyondakadin.org\\\/en\\\/supports\\\/\",\"name\":\"What We Offer - \u0130novasyonda Kad\u0131n\",\"isPartOf\":{\"@id\":\"https:\\\/\\\/inovasyondakadin.org\\\/en\\\/#website\"},\"datePublished\":\"2025-11-22T22:34:16+00:00\",\"dateModified\":\"2026-01-28T04:48:26+00:00\",\"breadcrumb\":{\"@id\":\"https:\\\/\\\/inovasyondakadin.org\\\/en\\\/supports\\\/#breadcrumb\"},\"inLanguage\":\"en-US\",\"potentialAction\":[{\"@type\":\"ReadAction\",\"target\":[\"https:\\\/\\\/inovasyondakadin.org\\\/en\\\/supports\\\/\"]}]},{\"@type\":\"BreadcrumbList\",\"@id\":\"https:\\\/\\\/inovasyondakadin.org\\\/en\\\/supports\\\/#breadcrumb\",\"itemListElement\":[{\"@type\":\"ListItem\",\"position\":1,\"name\":\"Anasayfa\",\"item\":\"https:\\\/\\\/inovasyondakadin.org\\\/en\\\/\"},{\"@type\":\"ListItem\",\"position\":2,\"name\":\"What We Offer\"}]},{\"@type\":\"WebSite\",\"@id\":\"https:\\\/\\\/inovasyondakadin.org\\\/en\\\/#website\",\"url\":\"https:\\\/\\\/inovasyondakadin.org\\\/en\\\/\",\"name\":\"\u0130novasyonda Kad\u0131n\",\"description\":\"Gelecek Kad\u0131n\u0131n G&uuml;c&uuml;yle \u015eekilleniyor\",\"publisher\":{\"@id\":\"https:\\\/\\\/inovasyondakadin.org\\\/en\\\/#organization\"},\"potentialAction\":[{\"@type\":\"SearchAction\",\"target\":{\"@type\":\"EntryPoint\",\"urlTemplate\":\"https:\\\/\\\/inovasyondakadin.org\\\/en\\\/?s={search_term_string}\"},\"query-input\":{\"@type\":\"PropertyValueSpecification\",\"valueRequired\":true,\"valueName\":\"search_term_string\"}}],\"inLanguage\":\"en-US\"},{\"@type\":\"Organization\",\"@id\":\"https:\\\/\\\/inovasyondakadin.org\\\/en\\\/#organization\",\"name\":\"KADIN VE DEMOKRAS\u0130 DERNE\u011e\u0130\",\"alternateName\":\"KADEM\",\"url\":\"https:\\\/\\\/inovasyondakadin.org\\\/en\\\/\",\"logo\":{\"@type\":\"ImageObject\",\"inLanguage\":\"en-US\",\"@id\":\"https:\\\/\\\/inovasyondakadin.org\\\/en\\\/#\\\/schema\\\/logo\\\/image\\\/\",\"url\":\"https:\\\/\\\/inovasyondakadin.org\\\/wp-content\\\/uploads\\\/2025\\\/12\\\/7yhN-V2P_400x400.jpg\",\"contentUrl\":\"https:\\\/\\\/inovasyondakadin.org\\\/wp-content\\\/uploads\\\/2025\\\/12\\\/7yhN-V2P_400x400.jpg\",\"width\":400,\"height\":400,\"caption\":\"KADIN VE DEMOKRAS\u0130 DERNE\u011e\u0130\"},\"image\":{\"@id\":\"https:\\\/\\\/inovasyondakadin.org\\\/en\\\/#\\\/schema\\\/logo\\\/image\\\/\"},\"sameAs\":[\"https:\\\/\\\/www.facebook.com\\\/Kademorgtr\\\/\",\"https:\\\/\\\/x.com\\\/kademorgtr\"]}]}<\/script>\n<!-- \/ Yoast SEO plugin. -->","yoast_head_json":{"title":"What We Offer - \u0130novasyonda Kad\u0131n","robots":{"index":"index","follow":"follow","max-snippet":"max-snippet:-1","max-image-preview":"max-image-preview:large","max-video-preview":"max-video-preview:-1"},"canonical":"https:\/\/inovasyondakadin.org\/en\/supports\/","og_locale":"en_US","og_type":"article","og_title":"What We Offer - \u0130novasyonda Kad\u0131n","og_url":"https:\/\/inovasyondakadin.org\/en\/supports\/","og_site_name":"\u0130novasyonda Kad\u0131n","article_publisher":"https:\/\/www.facebook.com\/Kademorgtr\/","article_modified_time":"2026-01-28T04:48:26+00:00","og_image":[{"width":1364,"height":768,"url":"https:\/\/inovasyondakadin.org\/wp-content\/uploads\/revslider\/video-media\/SliderVideoBG_1_layer.jpeg","type":"image\/jpeg"}],"twitter_card":"summary_large_image","twitter_site":"@kademorgtr","twitter_misc":{"Est. reading time":"2 minutes"},"schema":{"@context":"https:\/\/schema.org","@graph":[{"@type":"WebPage","@id":"https:\/\/inovasyondakadin.org\/en\/supports\/","url":"https:\/\/inovasyondakadin.org\/en\/supports\/","name":"What We Offer - \u0130novasyonda Kad\u0131n","isPartOf":{"@id":"https:\/\/inovasyondakadin.org\/en\/#website"},"datePublished":"2025-11-22T22:34:16+00:00","dateModified":"2026-01-28T04:48:26+00:00","breadcrumb":{"@id":"https:\/\/inovasyondakadin.org\/en\/supports\/#breadcrumb"},"inLanguage":"en-US","potentialAction":[{"@type":"ReadAction","target":["https:\/\/inovasyondakadin.org\/en\/supports\/"]}]},{"@type":"BreadcrumbList","@id":"https:\/\/inovasyondakadin.org\/en\/supports\/#breadcrumb","itemListElement":[{"@type":"ListItem","position":1,"name":"Anasayfa","item":"https:\/\/inovasyondakadin.org\/en\/"},{"@type":"ListItem","position":2,"name":"What We Offer"}]},{"@type":"WebSite","@id":"https:\/\/inovasyondakadin.org\/en\/#website","url":"https:\/\/inovasyondakadin.org\/en\/","name":"\u0130novasyonda Kad\u0131n","description":"Gelecek Kad\u0131n\u0131n G&uuml;c&uuml;yle \u015eekilleniyor","publisher":{"@id":"https:\/\/inovasyondakadin.org\/en\/#organization"},"potentialAction":[{"@type":"SearchAction","target":{"@type":"EntryPoint","urlTemplate":"https:\/\/inovasyondakadin.org\/en\/?s={search_term_string}"},"query-input":{"@type":"PropertyValueSpecification","valueRequired":true,"valueName":"search_term_string"}}],"inLanguage":"en-US"},{"@type":"Organization","@id":"https:\/\/inovasyondakadin.org\/en\/#organization","name":"KADIN VE DEMOKRAS\u0130 DERNE\u011e\u0130","alternateName":"KADEM","url":"https:\/\/inovasyondakadin.org\/en\/","logo":{"@type":"ImageObject","inLanguage":"en-US","@id":"https:\/\/inovasyondakadin.org\/en\/#\/schema\/logo\/image\/","url":"https:\/\/inovasyondakadin.org\/wp-content\/uploads\/2025\/12\/7yhN-V2P_400x400.jpg","contentUrl":"https:\/\/inovasyondakadin.org\/wp-content\/uploads\/2025\/12\/7yhN-V2P_400x400.jpg","width":400,"height":400,"caption":"KADIN VE DEMOKRAS\u0130 DERNE\u011e\u0130"},"image":{"@id":"https:\/\/inovasyondakadin.org\/en\/#\/schema\/logo\/image\/"},"sameAs":["https:\/\/www.facebook.com\/Kademorgtr\/","https:\/\/x.com\/kademorgtr"]}]}},"_links":{"self":[{"href":"https:\/\/inovasyondakadin.org\/en\/wp-json\/wp\/v2\/pages\/7393","targetHints":{"allow":["GET"]}}],"collection":[{"href":"https:\/\/inovasyondakadin.org\/en\/wp-json\/wp\/v2\/pages"}],"about":[{"href":"https:\/\/inovasyondakadin.org\/en\/wp-json\/wp\/v2\/types\/page"}],"author":[{"embeddable":true,"href":"https:\/\/inovasyondakadin.org\/en\/wp-json\/wp\/v2\/users\/1"}],"replies":[{"embeddable":true,"href":"https:\/\/inovasyondakadin.org\/en\/wp-json\/wp\/v2\/comments?post=7393"}],"version-history":[{"count":4,"href":"https:\/\/inovasyondakadin.org\/en\/wp-json\/wp\/v2\/pages\/7393\/revisions"}],"predecessor-version":[{"id":8513,"href":"https:\/\/inovasyondakadin.org\/en\/wp-json\/wp\/v2\/pages\/7393\/revisions\/8513"}],"wp:attachment":[{"href":"https:\/\/inovasyondakadin.org\/en\/wp-json\/wp\/v2\/media?parent=7393"}],"wp:term":[{"taxonomy":"mentor-konusmaci","embeddable":true,"href":"https:\/\/inovasyondakadin.org\/en\/wp-json\/wp\/v2\/mentor-konusmaci?post=7393"}],"curies":[{"name":"wp","href":"https:\/\/api.w.org\/{rel}","templated":true}]}}